{"id":150,"date":"2020-12-22T16:00:42","date_gmt":"2020-12-22T15:00:42","guid":{"rendered":"http:\/\/cera-aikibudo.com\/?page_id=150"},"modified":"2021-01-09T10:17:26","modified_gmt":"2021-01-09T09:17:26","slug":"la-naissance-de-laikibudo","status":"publish","type":"page","link":"https:\/\/cera-aikibudo.com\/index.php\/la-naissance-de-laikibudo\/","title":{"rendered":"La naissance de l&rsquo;A\u00efkibudo"},"content":{"rendered":"\n<h2 class=\"wp-block-heading\">De l&rsquo;A\u00efkido moderne \u00e0 l&rsquo;A\u00efkibudo<\/h2>\n\n\n\n<p>En 1974, Ma\u00eetre Alain Floquet, entour\u00e9 de ses \u00e9l\u00e8ves, enseignants et pratiquants attach\u00e9s \u00e0 son enseignement et notamment de Claude Jalbert, ancien Pr\u00e9sident de l&rsquo;\u00e9cole Aikido-Yoseikan, cr\u00e9a le C.E.R.A. (Cercle d&rsquo;\u00c9tude et de Recherche en Aiki et Kobudo) afin de pr\u00e9server l&rsquo;originalit\u00e9 et la p\u00e9rennit\u00e9 de l&rsquo;Aikido-Jujutsu du Ma\u00eetre Mochizuki Minoru ainsi que de poursuivre son \u0153uvre de cr\u00e9ation, conciliant l&rsquo;\u00e9laboration et l&rsquo;\u00e9volution permanente d&rsquo;un art martial moderne, et l&rsquo;attachement aux fondements \u00e9thiques et techniques de la tradition martiale.<\/p>\n\n\n\n<p>A son tour, en 1974, Ma\u00eetre Mochizuki Hiroo cr\u00e9a la F\u00e9d\u00e9ration Fran\u00e7aise de Yoseikan Budo pour y accueillir la nouvelle discipline qu&rsquo;il cr\u00e9a sous ce nom, en hommage \u00e0 son p\u00e8re.<\/p>\n\n\n\n<p>En 1978, le Ma\u00eetre Mochizuki Minoru, Directeur pour l&rsquo;A\u00efkido au sein de la F\u00e9d\u00e9ration Internationale des Arts Martiaux, sise \u00e0 Tokyo, d\u00e9livra \u00e0 Alain Floquet Shihan le 7e Dan d&rsquo;Aikido , et le titre de Kyoshi, le faisant ainsi son repr\u00e9sentant direct dans la pratique de l&rsquo;A\u00efkido pour l&rsquo;Europe. En 1990, il lui remit au titre de la Nippon Budo Kokusa\u00ef Renmei (F\u00e9d\u00e9ration Internationale du Nippon Budo), avec son 8e dan, le titre de Hanshi(VIII).<\/p>\n\n\n\n<p>En 1982, lors d&rsquo;un cocktail organis\u00e9 en l&rsquo;honneur du Ma\u00eetre Mochizuki Minoru par l&rsquo;U.N.A. (Union National d&rsquo;A\u00efkido) de la F.F.J.D.A., en la pr\u00e9sence et \u00e0 la demande de ses repr\u00e9sentants officiels dont les ma\u00eetres Tamura et Nocquet, repr\u00e9sentants l&rsquo;A\u00efkido A\u00efkika\u00ef en France et de Monsieur Bonnefond, le Ma\u00eetre Mochizuki Minoru dit \u00e0 Alain Floquet : \u00a0\u00bb ce que tu pratiques n&rsquo;est pas de l&rsquo;A\u00efkido \u00ab\u00a0. Celui-ci r\u00e9pondit : \u00a0\u00bb je sais, c&rsquo;est votre enseignement \u00ab\u00a0. Le Ma\u00eetre lui dit encore : \u00a0\u00bb il faut que tu changes de nom \u00ab\u00a0. Il fut alors propos\u00e9 \u00e0 Alain Floquet l&rsquo;appellation \u00a0\u00bb a\u00efkijujutsu \u00ab\u00a0. Il r\u00e9pondit \u00a0\u00bb non \u00ab\u00a0. Quelqu&rsquo;un lan\u00e7a : \u00a0\u00bb Yoseikan Budo ! \u00ab\u00a0. Deux \u00a0\u00bb non \u00a0\u00bb firent \u00e9cho, ceux d&rsquo;Alain Floquet et d&rsquo;Hiroo Mochizuki. Alain Floquet proposa alors celui qu&rsquo;il avait en t\u00eate depuis quelques ann\u00e9es d\u00e9j\u00e0 et qui compose id\u00e9alement le sens, l&rsquo;esprit et le fond de sa pratique : \u00a0\u00bb A\u00ef \u00a0\u00bb \u00a0\u00bb ki \u00a0\u00bb \u00a0\u00bb bu \u00a0\u00bb \u00a0\u00bb do \u00ab\u00a0. C&rsquo;est ainsi qu&rsquo;il choisit de nommer sa pratique et l&rsquo;Art qui en d\u00e9coule \u00a0\u00bb AIKIBUDO \u00ab\u00a0, proposition qui re\u00e7u l&rsquo;aval de ses interlocuteurs.<\/p>\n\n\n\n<p>De facto, l&rsquo;A\u00efkibudo fut l&rsquo;art de Ma\u00eetre Floquet dont l&rsquo;Aikido-Jujutsu du Yoseikan fut l&rsquo;\u00e9l\u00e9ment structurel fondamental.<\/p>\n\n\n\n<p>En 1983, fut cr\u00e9\u00e9 la F\u00e9d\u00e9ration Fran\u00e7aise d&rsquo;A\u00efkido, d&rsquo;Aikibudo et Affinitaires (F.F.A.A.A.) avec l&rsquo;aval du Minist\u00e8re de tutelle, au sein de laquelle Alain Floquet fut nomm\u00e9 naturellement responsable technique pour l&rsquo;A\u00efkibudo.<\/p>\n\n\n\n<p>Ma\u00eetre Alain Floquet a su perp\u00e9tuer la tradition martiale et l&rsquo;originalit\u00e9 des grandes \u00e9coles repr\u00e9sent\u00e9es par ses Ma\u00eetres, s&rsquo;inscrivant ainsi dans l&rsquo;h\u00e9ritage culturel et martial du Japon ancien et dans la lign\u00e9e des grands noms du Budo japonais qui ont inscrit leur marque dans l&rsquo;Histoire de leur Pays.<\/p>\n\n\n\n<p>Les contacts constants qu&rsquo;Alain Floquet entretint durant de longues ann\u00e9es avec le Ma\u00eetre Mochizuki Minoru pour l&rsquo;A\u00efkido-Jujutsu et sa part de Katori Shinto ryu qu&rsquo;il d\u00e9nomma Yoseikan Shinto ryu, avec le Ma\u00eetre Sugino Yoshio pour le Katori Shinto ryu traditionnel et le Ma\u00eetre Tak\u00e9da Tokimune pour le Da\u00efto ryu A\u00efkijujutsu originel, sont les garants de la continuit\u00e9 \u00e0 un tr\u00e8s haut niveau de ce que les Japonais, eux-m\u00eames, consid\u00e8rent comme un bien culturel.<\/p>\n\n\n\n<p>Telle est, racont\u00e9e tr\u00e8s succinctement, l&rsquo;aventure historique de l&rsquo;A\u00efkibudo o\u00f9 se croisent et se confondent dans sa p\u00e9riode ant\u00e9rieure au XXe si\u00e8cle, l\u00e9gendes, mythes et histoires v\u00e9cues.<\/p>\n\n\n\n<p>Enfin, pour retirer le plus grand avantage de ce livre, il convient bien \u00e9videmment que son lecteur soit \u00e9galement un acteur et qu&rsquo;il sache aussi que la pratique assidue de cet Art Martial qu&rsquo;est l&rsquo;A\u00efkibudo le fera entrer dans un cercle o\u00f9 l&rsquo;AMITI\u00c9 et le RESPECT de chacun sont les \u00e9l\u00e9ments dominants.<\/p>\n","protected":false},"excerpt":{"rendered":"<p>De l&rsquo;A\u00efkido moderne \u00e0 l&rsquo;A\u00efkibudo En 1974, Ma\u00eetre Alain Floquet, entour\u00e9 de ses \u00e9l\u00e8ves, enseignants et pratiquants attach\u00e9s \u00e0 son enseignement et notamment de Claude Jalbert, ancien Pr\u00e9sident de l&rsquo;\u00e9cole Aikido-Yoseikan, cr\u00e9a le C.E.R.A. (Cercle d&rsquo;\u00c9tude et de Recherche en Aiki et Kobudo) afin de pr\u00e9server l&rsquo;originalit\u00e9 et la p\u00e9rennit\u00e9 de l&rsquo;Aikido-Jujutsu du Ma\u00eetre Mochizuki &hellip; <\/p>\n<p class=\"link-more\"><a href=\"https:\/\/cera-aikibudo.com\/index.php\/la-naissance-de-laikibudo\/\" class=\"more-link\">Continuer la lecture<span class=\"screen-reader-text\"> de &laquo;&nbsp;La naissance de l&rsquo;A\u00efkibudo&nbsp;&raquo;<\/span><\/a><\/p>\n","protected":false},"author":5,"featured_media":0,"parent":0,"menu_order":0,"comment_status":"closed","ping_status":"closed","template":"","meta":{"_uag_custom_page_level_css":"","footnotes":""},"class_list":["post-150","page","type-page","status-publish","hentry"],"uagb_featured_image_src":{"full":false,"thumbnail":false,"medium":false,"medium_large":false,"large":false,"1536x1536":false,"2048x2048":false,"twentyseventeen-featured-image":false,"twentyseventeen-thumbnail-avatar":false,"rpwe-thumbnail":false},"uagb_author_info":{"display_name":"Thierry POIREL","author_link":"https:\/\/cera-aikibudo.com\/index.php\/author\/administrateur\/"},"uagb_comment_info":0,"uagb_excerpt":"De l&rsquo;A\u00efkido moderne \u00e0 l&rsquo;A\u00efkibudo En 1974, Ma\u00eetre Alain Floquet, entour\u00e9 de ses \u00e9l\u00e8ves, enseignants et pratiquants attach\u00e9s \u00e0 son enseignement et notamment de Claude Jalbert, ancien Pr\u00e9sident de l&rsquo;\u00e9cole Aikido-Yoseikan, cr\u00e9a le C.E.R.A. (Cercle d&rsquo;\u00c9tude et de Recherche en Aiki et Kobudo) afin de pr\u00e9server l&rsquo;originalit\u00e9 et la p\u00e9rennit\u00e9 de l&rsquo;Aikido-Jujutsu du Ma\u00eetre Mochizuki\u2026","_links":{"self":[{"href":"https:\/\/cera-aikibudo.com\/index.php\/wp-json\/wp\/v2\/pages\/150","targetHints":{"allow":["GET"]}}],"collection":[{"href":"https:\/\/cera-aikibudo.com\/index.php\/wp-json\/wp\/v2\/pages"}],"about":[{"href":"https:\/\/cera-aikibudo.com\/index.php\/wp-json\/wp\/v2\/types\/page"}],"author":[{"embeddable":true,"href":"https:\/\/cera-aikibudo.com\/index.php\/wp-json\/wp\/v2\/users\/5"}],"replies":[{"embeddable":true,"href":"https:\/\/cera-aikibudo.com\/index.php\/wp-json\/wp\/v2\/comments?post=150"}],"version-history":[{"count":4,"href":"https:\/\/cera-aikibudo.com\/index.php\/wp-json\/wp\/v2\/pages\/150\/revisions"}],"predecessor-version":[{"id":1174,"href":"https:\/\/cera-aikibudo.com\/index.php\/wp-json\/wp\/v2\/pages\/150\/revisions\/1174"}],"wp:attachment":[{"href":"https:\/\/cera-aikibudo.com\/index.php\/wp-json\/wp\/v2\/media?parent=150"}],"curies":[{"name":"wp","href":"https:\/\/api.w.org\/{rel}","templated":true}]}}