{"id":166,"date":"2020-12-22T16:25:22","date_gmt":"2020-12-22T15:25:22","guid":{"rendered":"http:\/\/cera-aikibudo.com\/?page_id=166"},"modified":"2021-01-16T21:22:45","modified_gmt":"2021-01-16T20:22:45","slug":"daito-ryu","status":"publish","type":"page","link":"https:\/\/cera-aikibudo.com\/index.php\/daito-ryu\/","title":{"rendered":"Daito Ryu"},"content":{"rendered":"\n<h2 class=\"wp-block-heading\">Daito Ryu Aiki Jujutsu<\/h2>\n\n\n\n<p>La pratique moderne ne peut se concevoir qu&rsquo;avec la compr\u00e9hension et la connaissance de l&rsquo;art dans son esprit originel.<\/p>\n\n\n\n<div class=\"wp-block-image\"><figure class=\"aligncenter size-large\"><img loading=\"lazy\" decoding=\"async\" width=\"194\" height=\"259\" src=\"http:\/\/cera-aikibudo.com\/wp-content\/uploads\/2020\/12\/S_Takeda_1.jpg\" alt=\"\" class=\"wp-image-167\"\/><figcaption>Ma\u00eetre Takeda<\/figcaption><\/figure><\/div>\n\n\n\n<p>Ma\u00eetre Takeda (\u6b66\u7530 \u60e3\u89d2) est issu d&rsquo;une lign\u00e9e de guerriers, dont le plus c\u00e9l\u00e8bre est sans doute Shingen (1521-1573) immortalis\u00e9 par le film Kagemusha de A. Kurozawa.<\/p>\n\n\n\n<div class=\"wp-block-image\"><figure class=\"aligncenter size-large\"><img loading=\"lazy\" decoding=\"async\" width=\"185\" height=\"272\" src=\"http:\/\/cera-aikibudo.com\/wp-content\/uploads\/2020\/12\/S_takeda_2.jpg\" alt=\"\" class=\"wp-image-168\"\/><\/figure><\/div>\n\n\n\n<p><\/p>\n\n\n\n<p>Ma\u00eetre Takeda Sokaku (1858-1943) ouvrit l&rsquo;enseignement des techniques de son clan \u00e0 d&rsquo;autres personnes. Ainsi, il cr\u00e9a la premi\u00e8re \u00e9cole moderne d&rsquo;arts martiaux. Il prit le nom de Da\u00efto nom du ch\u00e2teau du fondateur du clan Takeda, accola le terme A\u00efki, en r\u00e9f\u00e9rence \u00e0 l&rsquo;art ancien de combat et enfin Ju-jutsu : les techniques souples.<\/p>\n\n\n\n<p>Le Da\u00efto Ryu Aiki Jujutsu regroupe un ensemble de techniques martiales tourn\u00e9 vers une efficacit\u00e9 imm\u00e9diate, sobre et utilitaire.<\/p>\n\n\n\n<p>Ma\u00eetre Floquet d\u00e9finit ainsi la technique&nbsp;<\/p>\n\n\n\n<blockquote class=\"wp-block-quote is-layout-flow wp-block-quote-is-layout-flow\"><p><em>\u00ab&nbsp; La technique est br\u00e8ve, rustique, directe, sans complaisance mais contr\u00f4l\u00e9e, dure et r\u00e9ellement efficace. Il n&rsquo;y a ni jeu, ni expression libre, apanage des arts martiaux modernes. Une attaque, \u00e9gale une r\u00e9ponse qui doit \u00eatre d\u00e9cisive<\/em>&nbsp;\u00bb<\/p><\/blockquote>\n","protected":false},"excerpt":{"rendered":"<p>Daito Ryu Aiki Jujutsu La pratique moderne ne peut se concevoir qu&rsquo;avec la compr\u00e9hension et la connaissance de l&rsquo;art dans son esprit originel. Ma\u00eetre Takeda (\u6b66\u7530 \u60e3\u89d2) est issu d&rsquo;une lign\u00e9e de guerriers, dont le plus c\u00e9l\u00e8bre est sans doute Shingen (1521-1573) immortalis\u00e9 par le film Kagemusha de A. Kurozawa. Ma\u00eetre Takeda Sokaku (1858-1943) ouvrit &hellip; <\/p>\n<p class=\"link-more\"><a href=\"https:\/\/cera-aikibudo.com\/index.php\/daito-ryu\/\" class=\"more-link\">Continuer la lecture<span class=\"screen-reader-text\"> de &laquo;&nbsp;Daito Ryu&nbsp;&raquo;<\/span><\/a><\/p>\n","protected":false},"author":5,"featured_media":0,"parent":0,"menu_order":0,"comment_status":"closed","ping_status":"closed","template":"","meta":{"_uag_custom_page_level_css":"","footnotes":""},"class_list":["post-166","page","type-page","status-publish","hentry"],"uagb_featured_image_src":{"full":false,"thumbnail":false,"medium":false,"medium_large":false,"large":false,"1536x1536":false,"2048x2048":false,"twentyseventeen-featured-image":false,"twentyseventeen-thumbnail-avatar":false,"rpwe-thumbnail":false},"uagb_author_info":{"display_name":"Thierry POIREL","author_link":"https:\/\/cera-aikibudo.com\/index.php\/author\/administrateur\/"},"uagb_comment_info":0,"uagb_excerpt":"Daito Ryu Aiki Jujutsu La pratique moderne ne peut se concevoir qu&rsquo;avec la compr\u00e9hension et la connaissance de l&rsquo;art dans son esprit originel. Ma\u00eetre Takeda (\u6b66\u7530 \u60e3\u89d2) est issu d&rsquo;une lign\u00e9e de guerriers, dont le plus c\u00e9l\u00e8bre est sans doute Shingen (1521-1573) immortalis\u00e9 par le film Kagemusha de A. Kurozawa. Ma\u00eetre Takeda Sokaku (1858-1943) ouvrit\u2026","_links":{"self":[{"href":"https:\/\/cera-aikibudo.com\/index.php\/wp-json\/wp\/v2\/pages\/166","targetHints":{"allow":["GET"]}}],"collection":[{"href":"https:\/\/cera-aikibudo.com\/index.php\/wp-json\/wp\/v2\/pages"}],"about":[{"href":"https:\/\/cera-aikibudo.com\/index.php\/wp-json\/wp\/v2\/types\/page"}],"author":[{"embeddable":true,"href":"https:\/\/cera-aikibudo.com\/index.php\/wp-json\/wp\/v2\/users\/5"}],"replies":[{"embeddable":true,"href":"https:\/\/cera-aikibudo.com\/index.php\/wp-json\/wp\/v2\/comments?post=166"}],"version-history":[{"count":2,"href":"https:\/\/cera-aikibudo.com\/index.php\/wp-json\/wp\/v2\/pages\/166\/revisions"}],"predecessor-version":[{"id":1328,"href":"https:\/\/cera-aikibudo.com\/index.php\/wp-json\/wp\/v2\/pages\/166\/revisions\/1328"}],"wp:attachment":[{"href":"https:\/\/cera-aikibudo.com\/index.php\/wp-json\/wp\/v2\/media?parent=166"}],"curies":[{"name":"wp","href":"https:\/\/api.w.org\/{rel}","templated":true}]}}