{"id":171,"date":"2020-12-22T16:29:11","date_gmt":"2020-12-22T15:29:11","guid":{"rendered":"http:\/\/cera-aikibudo.com\/?page_id=171"},"modified":"2021-01-16T21:24:24","modified_gmt":"2021-01-16T20:24:24","slug":"yoseikan","status":"publish","type":"page","link":"https:\/\/cera-aikibudo.com\/index.php\/yoseikan\/","title":{"rendered":"Yoseikan"},"content":{"rendered":"\n<h2 class=\"wp-block-heading\">Yoseikan Shinto Ryu<\/h2>\n\n\n\n<p>Ma\u00eetre Mochizuki Minoru (1907-2003) fut comme Ma\u00eetre Sugino un \u00e9l\u00e8ve de Ma\u00eetre Kano.<\/p>\n\n\n\n<div class=\"wp-block-image\"><figure class=\"aligncenter size-large\"><img loading=\"lazy\" decoding=\"async\" width=\"194\" height=\"259\" src=\"http:\/\/cera-aikibudo.com\/wp-content\/uploads\/2020\/12\/M_Mochizuki.jpg\" alt=\"\" class=\"wp-image-172\"\/><figcaption>Ma\u00eetre Mochizuki<\/figcaption><\/figure><\/div>\n\n\n\n<p>Il fut aussi \u00e9l\u00e8ve de Ma\u00eetre Ueshiba ; lors de la guerre sino-japonaise, Ma\u00eetre Mochizuki Minoru enseigna le Kendo, l&rsquo;A\u00efki Jutsu et d\u00e9couvrit le Karat\u00e9, et s&rsquo;initia \u00e0 des techniques chinoises.<br>Ma\u00eetre Ueshiba d\u00e9signa son art par le nom d&rsquo;Aikido, et Ma\u00eetre Mochizuki nomma celui qu&rsquo;il enseignait : Aikido Jujutsu dans son dojo : le Yoseikan (maison de l&rsquo;enseignement de la droiture).<\/p>\n\n\n\n<div class=\"wp-block-image\"><figure class=\"aligncenter size-large\"><img loading=\"lazy\" decoding=\"async\" width=\"212\" height=\"216\" src=\"http:\/\/cera-aikibudo.com\/wp-content\/uploads\/2020\/12\/M_Mochizuki_2.jpg\" alt=\"\" class=\"wp-image-173\"\/><\/figure><\/div>\n\n\n\n<p><\/p>\n\n\n\n<p>En 1966, Ma\u00eetre Floquet fut nomm\u00e9 Directeur Technique de l&rsquo;\u00e9cole d&rsquo;Aikido Yoseikan pour la France.<\/p>\n\n\n\n<p>En 1978, Ma\u00eetre Mochizuki lui d\u00e9livra le grade de 7\u00b0 Dan et le titre de Kyoshi (Instructeur de l&rsquo;\u00e9cole).<\/p>\n\n\n\n<p>L&rsquo;Aikido Jujutsu du Yoseikan est l&rsquo;\u00e9l\u00e9ment structurel fondamental du A\u00efkibudo.<\/p>\n\n\n\n<div class=\"wp-block-image\"><figure class=\"aligncenter size-large\"><img loading=\"lazy\" decoding=\"async\" width=\"249\" height=\"202\" src=\"http:\/\/cera-aikibudo.com\/wp-content\/uploads\/2020\/12\/A_Floquet_M_Mochizuki.jpg\" alt=\"\" class=\"wp-image-174\"\/><figcaption>Maitre Floquet et Maitre Mochizuki<\/figcaption><\/figure><\/div>\n\n\n\n<p>La grande originalit\u00e9 dans la cr\u00e9ation de l&rsquo;A\u00efkibudo r\u00e9side dans la pr\u00e9servation et la p\u00e9rennit\u00e9 de l&rsquo;Aikido Jujutsu de Ma\u00eetre Mochizuki en une \u00e9volution permanente d&rsquo;un art martial moderne.<\/p>\n","protected":false},"excerpt":{"rendered":"<p>Yoseikan Shinto Ryu Ma\u00eetre Mochizuki Minoru (1907-2003) fut comme Ma\u00eetre Sugino un \u00e9l\u00e8ve de Ma\u00eetre Kano. Il fut aussi \u00e9l\u00e8ve de Ma\u00eetre Ueshiba ; lors de la guerre sino-japonaise, Ma\u00eetre Mochizuki Minoru enseigna le Kendo, l&rsquo;A\u00efki Jutsu et d\u00e9couvrit le Karat\u00e9, et s&rsquo;initia \u00e0 des techniques chinoises.Ma\u00eetre Ueshiba d\u00e9signa son art par le nom d&rsquo;Aikido, &hellip; <\/p>\n<p class=\"link-more\"><a href=\"https:\/\/cera-aikibudo.com\/index.php\/yoseikan\/\" class=\"more-link\">Continuer la lecture<span class=\"screen-reader-text\"> de &laquo;&nbsp;Yoseikan&nbsp;&raquo;<\/span><\/a><\/p>\n","protected":false},"author":5,"featured_media":0,"parent":0,"menu_order":0,"comment_status":"closed","ping_status":"closed","template":"","meta":{"_uag_custom_page_level_css":"","footnotes":""},"class_list":["post-171","page","type-page","status-publish","hentry"],"uagb_featured_image_src":{"full":false,"thumbnail":false,"medium":false,"medium_large":false,"large":false,"1536x1536":false,"2048x2048":false,"twentyseventeen-featured-image":false,"twentyseventeen-thumbnail-avatar":false,"rpwe-thumbnail":false},"uagb_author_info":{"display_name":"Thierry POIREL","author_link":"https:\/\/cera-aikibudo.com\/index.php\/author\/administrateur\/"},"uagb_comment_info":0,"uagb_excerpt":"Yoseikan Shinto Ryu Ma\u00eetre Mochizuki Minoru (1907-2003) fut comme Ma\u00eetre Sugino un \u00e9l\u00e8ve de Ma\u00eetre Kano. Il fut aussi \u00e9l\u00e8ve de Ma\u00eetre Ueshiba ; lors de la guerre sino-japonaise, Ma\u00eetre Mochizuki Minoru enseigna le Kendo, l&rsquo;A\u00efki Jutsu et d\u00e9couvrit le Karat\u00e9, et s&rsquo;initia \u00e0 des techniques chinoises.Ma\u00eetre Ueshiba d\u00e9signa son art par le nom d&rsquo;Aikido,\u2026","_links":{"self":[{"href":"https:\/\/cera-aikibudo.com\/index.php\/wp-json\/wp\/v2\/pages\/171","targetHints":{"allow":["GET"]}}],"collection":[{"href":"https:\/\/cera-aikibudo.com\/index.php\/wp-json\/wp\/v2\/pages"}],"about":[{"href":"https:\/\/cera-aikibudo.com\/index.php\/wp-json\/wp\/v2\/types\/page"}],"author":[{"embeddable":true,"href":"https:\/\/cera-aikibudo.com\/index.php\/wp-json\/wp\/v2\/users\/5"}],"replies":[{"embeddable":true,"href":"https:\/\/cera-aikibudo.com\/index.php\/wp-json\/wp\/v2\/comments?post=171"}],"version-history":[{"count":2,"href":"https:\/\/cera-aikibudo.com\/index.php\/wp-json\/wp\/v2\/pages\/171\/revisions"}],"predecessor-version":[{"id":1330,"href":"https:\/\/cera-aikibudo.com\/index.php\/wp-json\/wp\/v2\/pages\/171\/revisions\/1330"}],"wp:attachment":[{"href":"https:\/\/cera-aikibudo.com\/index.php\/wp-json\/wp\/v2\/media?parent=171"}],"curies":[{"name":"wp","href":"https:\/\/api.w.org\/{rel}","templated":true}]}}