{"id":177,"date":"2020-12-22T16:35:11","date_gmt":"2020-12-22T15:35:11","guid":{"rendered":"http:\/\/cera-aikibudo.com\/?page_id=177"},"modified":"2023-04-04T17:05:13","modified_gmt":"2023-04-04T15:05:13","slug":"le-fondateur","status":"publish","type":"page","link":"https:\/\/cera-aikibudo.com\/index.php\/le-fondateur\/","title":{"rendered":"Le Fondateur"},"content":{"rendered":"\r\n<h2 class=\"wp-block-heading\">Ma\u00eetre Alain Floquet<\/h2>\r\n\r\n\r\n\r\n<p class=\"has-text-align-left\">Ma\u00eetre Alain FLOQUET est n\u00e9 le 18 d\u00e9cembre 1939 \u00e0 Paris. Il a neuf ans lorsqu&rsquo;il fait ses d\u00e9buts dans le judo.<\/p>\r\n\r\n\r\n\r\n<p>En 1957, il aborde l&rsquo;\u00e9tude de l&rsquo;aikido et du karate. Il pratique \u00e9galement le kendo et participe brillamment au championnat du monde de cette discipline, qui se d\u00e9roule \u00e0 Tokyo en 1970.\u00a0A partir de 1970, Ma\u00eetre FLOQUET visite le Japon une \u00e0 deux fois par an pour y pratiquer le Kendo, l\u2019<a href=\"http:\/\/cera-aikibudo.com\/index.php\/aikido-yoseikan-en-france\/\">A\u00efkido-jujutsu du Yoseikan<\/a>. Il pratique avec Ma\u00eetre Minoru Mochizuki, <a href=\"http:\/\/cera-aikibudo.com\/index.php\/daito-ryu\/\"> et plus tard le Daito ryu Aiki-jujutsu<\/a> avec Ma\u00eetre Takeda Tokimune.Toutes ces ann\u00e9es, Alain FLOQUET fait \u00e9voluer sa pratique, son art, et l\u2019enrichit de son propre v\u00e9cu de policier et de membre de la Brigade Anti-Commando.\u00a0En 1974, il fonde le CERA (Centre de Recherches et d&rsquo;Etudes en A\u00efkibudo). En 1982, Ma\u00eetre Mochizuki recommande chaleureusement Ma\u00eetre FLOQUET \u00e0 Ma\u00eetre Yoshio Sugino : c\u2019est le premier stage de <a href=\"http:\/\/cera-aikibudo.com\/index.php\/katori-shinto-ryu\/\">Katori Shinto Ryu<\/a> organis\u00e9 en France, dirig\u00e9 par Ma\u00eetre Yoshio Sugino accompagn\u00e9 de Madame Yoshi Torikai. Cette rencontre compl\u00e8te son sens du geste juste, avec le sabre de l\u2019\u00e9cole Katori Shinto Ryu et bien entendu le Bo-Jutsu, Naginata-Jutsu, Yari-Jutsu\u2026Sensible aux qualit\u00e9s morales, techniques et s\u00e9duit par la d\u00e9marche de Ma\u00eetre FLOQUET, Ma\u00eetre Sugino le nomme Shibucho pour la France et le consid\u00e8re comme son repr\u00e9sentant officiel tous lieux o\u00f9 il enseignera.<\/p>\r\n\r\n\r\n\r\n<div class=\"wp-block-image is-style-rounded\">\r\n<figure class=\"aligncenter size-full is-resized\"><img loading=\"lazy\" decoding=\"async\" class=\"wp-image-178\" src=\"http:\/\/cera-aikibudo.com\/wp-content\/uploads\/2020\/12\/AlainFloquet-iai.jpg\" alt=\"\" width=\"220\" height=\"229\" \/>\r\n<figcaption>Ma\u00eetre Alain Floquet<\/figcaption>\r\n<\/figure>\r\n<\/div>\r\n\r\n\r\n\r\n<p>Le 19 mai 1983 Ma\u00eetre FLOQUET nomme officiellement et publiquement son art A\u00cfKIBUDO, avec l\u2019aval de son Ma\u00eetre Minoru Mochizuki.<\/p>\r\n\r\n\r\n\r\n<p>Aujourd&rsquo;hui, <a href=\"http:\/\/cera-aikibudo.com\/index.php\/2019\/10\/12\/maitre-a-floquet-9eme-dan-aikibudo\/\" data-type=\"URL\" data-id=\"http:\/\/cera-aikibudo.com\/index.php\/2019\/10\/12\/maitre-a-floquet-9eme-dan-aikibudo\/\">Ma\u00eetre Floquet est 9e Dan Hanshi\u00a0d&rsquo;A\u00efkibudo<\/a>, 8e dan de Katori Shinto Ryu, 5e dan Ia\u00ef Jutsu et de kendo Yoseikan Shinto Ryu, Shibu-cho de Da\u00efto Ryu Aiki Jujutsu<a href=\"index89e4.html?option=com_content&amp;view=article&amp;id=69%3Adaito-ryu&amp;catid=23%3Ales-arts-martiaux-a-la-source&amp;Itemid=101&amp;lang=fr\">\u00a0<\/a>(nomm\u00e9 par le Soke Takeda Tokimune).\u00a0Il est disciple direct de Ma\u00eetre Minoru Mochizuki et de son fils Hiroo dans le cadre de l&rsquo;Aikido Yoseikan, de Ma\u00eetre Yoshio Sugino pour le Tenshin Shoden Katori Shint\u00f4 Ryu, et de Ma\u00eetre Tokimune Takeda pour le Daito Ryu A\u00efki Jujutsu.<\/p>\r\n\r\n\r\n\r\n<div class=\"wp-block-image\">\r\n<figure class=\"aligncenter size-large\"><img loading=\"lazy\" decoding=\"async\" width=\"347\" height=\"400\" class=\"wp-image-179\" src=\"http:\/\/cera-aikibudo.com\/wp-content\/uploads\/2020\/12\/AFloquet-technique1.jpg\" alt=\"\" srcset=\"https:\/\/cera-aikibudo.com\/wp-content\/uploads\/2020\/12\/AFloquet-technique1.jpg 347w, https:\/\/cera-aikibudo.com\/wp-content\/uploads\/2020\/12\/AFloquet-technique1-260x300.jpg 260w\" sizes=\"auto, (max-width: 347px) 100vw, 347px\" \/><\/figure>\r\n<\/div>\r\n\r\n\r\n\r\n<p class=\"has-text-align-left\">Ma\u00eetre Floquet est le Directeur Technique de la F\u00e9d\u00e9ration Internationale d&rsquo;A\u00efkibudo (<a href=\"http:\/\/www.international-aikibudo.com\/\">FIAB<\/a>).<\/p>\r\n\r\n\r\n\r\n<ul class=\"wp-block-list\">\r\n<li>Professeur dipl\u00f4m\u00e9 d&rsquo;Etat (France).<\/li>\r\n<li>\u00a0Membre de la soci\u00e9t\u00e9 fran\u00e7aise de criminalistique.<\/li>\r\n<li>\u00a0Conf\u00e9rencier Balistique des coups &#8211; D.U de Criminalistique &#8211; Universit\u00e9 Descarte Paris 5.<\/li>\r\n<li>\u00a0Directeur technique de la\u00a0<a href=\"http:\/\/www.international-aikibudo.com\/\">F.I.A.B.<\/a>\u00a0(F\u00e9d\u00e9ration Internationale d&rsquo;A\u00efkibudo).<\/li>\r\n<li>\u00a0Directeur Technique de l&rsquo;A\u00efkibudo &#8211;\u00a0<a href=\"http:\/\/www.aikido.com.fr\/\">FFAAA<\/a>\u00a0(F\u00e9d\u00e9ration Fran\u00e7aise d&rsquo;A\u00efkido, A\u00efkibudo et Affinitaires ).<\/li>\r\n<li>\u00a0Directeur du Shibu Fran\u00e7ais de Katori Shinto Ryu, Shibucho Sugino Yoshio Dojo.<\/li>\r\n<li>\u00a0Directeur du Shibu Fran\u00e7ais de Daito Ryu A\u00efki Jujutsu, Shibucho Sok\u00e9 Takeda Tokimune.<\/li>\r\n<\/ul>\r\n\r\n\r\n\r\n<div class=\"wp-block-image is-style-rounded\">\r\n<figure class=\"aligncenter size-large is-resized\"><img loading=\"lazy\" decoding=\"async\" class=\"wp-image-174\" src=\"http:\/\/cera-aikibudo.com\/wp-content\/uploads\/2020\/12\/A_Floquet_M_Mochizuki.jpg\" alt=\"\" width=\"145\" height=\"118\" \/>\r\n<figcaption>Ma\u00eetre A.Floquet et Ma\u00eetre M.Mochizuki<\/figcaption>\r\n<\/figure>\r\n<\/div>\r\n\r\n\r\n\r\n<div class=\"wp-block-image is-style-rounded\">\r\n<figure class=\"aligncenter size-large is-resized\"><img loading=\"lazy\" decoding=\"async\" class=\"wp-image-162\" src=\"http:\/\/cera-aikibudo.com\/wp-content\/uploads\/2020\/12\/A_Floquet_Y_Sugino.jpg\" alt=\"\" width=\"145\" height=\"157\" \/>\r\n<figcaption>Ma\u00eetre A.Floquet et Ma\u00eetre Y.Sugino<\/figcaption>\r\n<\/figure>\r\n<\/div>\r\n\r\n\r\n","protected":false},"excerpt":{"rendered":"<p>Ma\u00eetre Alain Floquet Ma\u00eetre Alain FLOQUET est n\u00e9 le 18 d\u00e9cembre 1939 \u00e0 Paris. Il a neuf ans lorsqu&rsquo;il fait ses d\u00e9buts dans le judo. En 1957, il aborde l&rsquo;\u00e9tude de l&rsquo;aikido et du karate. Il pratique \u00e9galement le kendo et participe brillamment au championnat du monde de cette discipline, qui se d\u00e9roule \u00e0 Tokyo &hellip; <\/p>\n<p class=\"link-more\"><a href=\"https:\/\/cera-aikibudo.com\/index.php\/le-fondateur\/\" class=\"more-link\">Continuer la lecture<span class=\"screen-reader-text\"> de &laquo;&nbsp;Le Fondateur&nbsp;&raquo;<\/span><\/a><\/p>\n","protected":false},"author":5,"featured_media":0,"parent":0,"menu_order":0,"comment_status":"closed","ping_status":"closed","template":"","meta":{"_uag_custom_page_level_css":"","footnotes":""},"class_list":["post-177","page","type-page","status-publish","hentry"],"uagb_featured_image_src":{"full":false,"thumbnail":false,"medium":false,"medium_large":false,"large":false,"1536x1536":false,"2048x2048":false,"twentyseventeen-featured-image":false,"twentyseventeen-thumbnail-avatar":false,"rpwe-thumbnail":false},"uagb_author_info":{"display_name":"Thierry POIREL","author_link":"https:\/\/cera-aikibudo.com\/index.php\/author\/administrateur\/"},"uagb_comment_info":0,"uagb_excerpt":"Ma\u00eetre Alain Floquet Ma\u00eetre Alain FLOQUET est n\u00e9 le 18 d\u00e9cembre 1939 \u00e0 Paris. Il a neuf ans lorsqu&rsquo;il fait ses d\u00e9buts dans le judo. En 1957, il aborde l&rsquo;\u00e9tude de l&rsquo;aikido et du karate. Il pratique \u00e9galement le kendo et participe brillamment au championnat du monde de cette discipline, qui se d\u00e9roule \u00e0 Tokyo\u2026","_links":{"self":[{"href":"https:\/\/cera-aikibudo.com\/index.php\/wp-json\/wp\/v2\/pages\/177","targetHints":{"allow":["GET"]}}],"collection":[{"href":"https:\/\/cera-aikibudo.com\/index.php\/wp-json\/wp\/v2\/pages"}],"about":[{"href":"https:\/\/cera-aikibudo.com\/index.php\/wp-json\/wp\/v2\/types\/page"}],"author":[{"embeddable":true,"href":"https:\/\/cera-aikibudo.com\/index.php\/wp-json\/wp\/v2\/users\/5"}],"replies":[{"embeddable":true,"href":"https:\/\/cera-aikibudo.com\/index.php\/wp-json\/wp\/v2\/comments?post=177"}],"version-history":[{"count":12,"href":"https:\/\/cera-aikibudo.com\/index.php\/wp-json\/wp\/v2\/pages\/177\/revisions"}],"predecessor-version":[{"id":2061,"href":"https:\/\/cera-aikibudo.com\/index.php\/wp-json\/wp\/v2\/pages\/177\/revisions\/2061"}],"wp:attachment":[{"href":"https:\/\/cera-aikibudo.com\/index.php\/wp-json\/wp\/v2\/media?parent=177"}],"curies":[{"name":"wp","href":"https:\/\/api.w.org\/{rel}","templated":true}]}}