{"id":182,"date":"2020-12-22T16:50:18","date_gmt":"2020-12-22T15:50:18","guid":{"rendered":"http:\/\/cera-aikibudo.com\/?page_id=182"},"modified":"2026-01-18T18:49:51","modified_gmt":"2026-01-18T17:49:51","slug":"adherez","status":"publish","type":"page","link":"https:\/\/cera-aikibudo.com\/index.php\/adherez\/","title":{"rendered":"Adh\u00e9rez"},"content":{"rendered":"\r\n<p><strong>L\u2019adh\u00e9sion au CERA<\/strong> permet de soutenir les actions de l\u2019association et d\u2019acc\u00e9der \u00e0 du contenu exclusif &#8211; <em>annot\u00e9 par \u00ab\u00a0a\u00a0\u00bb<\/em> :\u00a0<\/p>\r\n<p>\r\n\r\n<\/p>\r\n<ul class=\"wp-block-list\" id=\"block-46e3328a-412b-4a24-9767-62c9ae9b4788\">\r\n<li>La lettre du CERA<\/li>\r\n<li>Les cahiers du CERA<\/li>\r\n<li>Les articles de magazines<\/li>\r\n<\/ul>\r\n<p>\r\n\r\n<\/p>\r\n<p><strong>Pour devenir adh\u00e9rent, vous pouvez :<\/strong><\/p>\r\n<ul>\r\n<li style=\"list-style-type: none\">\r\n<ul>\r\n<li>payer en ligne avec votre carte bleue <a href=\"https:\/\/cera-aikibudo-myet8187ks7bo.assoconnect.com\/collect\/description\/651438-g-adhesions-cera-aikibudo\">en cliquant ici, vous rejoindrez la page assoconnect<\/a><\/li>\r\n<li><span style=\"font-size: 1rem;\">payer par voie postale en remplissant le <\/span>formulaire :\u00a0 <a href=\"http:\/\/cera-aikibudo.com\/wp-content\/uploads\/2026\/01\/CERA_Bulletin-adhesion_2026.ok_.pdf\">CERA_Bulletin-adhesion_2026<\/a><span style=\"font-size: 1rem;\">\u00a0, puis l\u2019envoyer par la poste accompagn\u00e9 d\u2019un ch\u00e8que.<\/span><\/li>\r\n<\/ul>\r\n<\/li>\r\n<\/ul>\r\n<p>&nbsp;<\/p>\r\n<p>\r\n\r\n<\/p>\r\n<p><strong>Pour vous inscrire sur le site internet du CERA<\/strong> et acc\u00e9der au contenu <em>r\u00e9serv\u00e9 aux adh\u00e9rents, <\/em>il vous suffit de <a href=\"http:\/\/cera-aikibudo.com\/index.php\/membership-join\/membership-registration\/\">remplir votre demande en cliquant ici.<\/a> Vous pouvez d\u2019ailleurs vous inscrire et devenir ensuite adh\u00e9rent.\u00a0<\/p>\r\n<p><strong>Contactez nous<\/strong> par mail sur secretariat.cera@gmail.com si vous rencontrez des difficult\u00e9s de connexion \u00e0 votre compte adh\u00e9rent.<\/p>\r\n<p><strong>Si vous avez perdu votre mot de passe,<\/strong> vous pouvez le renouveler directement depuis la page d&rsquo;accueil.<\/p>\r\n","protected":false},"excerpt":{"rendered":"<p>L\u2019adh\u00e9sion au CERA permet de soutenir les actions de l\u2019association et d\u2019acc\u00e9der \u00e0 du contenu exclusif &#8211; annot\u00e9 par \u00ab\u00a0a\u00a0\u00bb :\u00a0 La lettre du CERA Les cahiers du CERA Les articles de magazines Pour devenir adh\u00e9rent, vous pouvez : payer en ligne avec votre carte bleue en cliquant ici, vous rejoindrez la page assoconnect payer &hellip; <\/p>\n<p class=\"link-more\"><a href=\"https:\/\/cera-aikibudo.com\/index.php\/adherez\/\" class=\"more-link\">Continuer la lecture<span class=\"screen-reader-text\"> de &laquo;&nbsp;Adh\u00e9rez&nbsp;&raquo;<\/span><\/a><\/p>\n","protected":false},"author":5,"featured_media":0,"parent":0,"menu_order":0,"comment_status":"closed","ping_status":"closed","template":"","meta":{"_uag_custom_page_level_css":"","footnotes":""},"class_list":["post-182","page","type-page","status-publish","hentry"],"uagb_featured_image_src":{"full":false,"thumbnail":false,"medium":false,"medium_large":false,"large":false,"1536x1536":false,"2048x2048":false,"twentyseventeen-featured-image":false,"twentyseventeen-thumbnail-avatar":false,"rpwe-thumbnail":false},"uagb_author_info":{"display_name":"Thierry POIREL","author_link":"https:\/\/cera-aikibudo.com\/index.php\/author\/administrateur\/"},"uagb_comment_info":0,"uagb_excerpt":"L\u2019adh\u00e9sion au CERA permet de soutenir les actions de l\u2019association et d\u2019acc\u00e9der \u00e0 du contenu exclusif &#8211; annot\u00e9 par \u00ab\u00a0a\u00a0\u00bb :\u00a0 La lettre du CERA Les cahiers du CERA Les articles de magazines Pour devenir adh\u00e9rent, vous pouvez : payer en ligne avec votre carte bleue en cliquant ici, vous rejoindrez la page assoconnect payer\u2026","_links":{"self":[{"href":"https:\/\/cera-aikibudo.com\/index.php\/wp-json\/wp\/v2\/pages\/182","targetHints":{"allow":["GET"]}}],"collection":[{"href":"https:\/\/cera-aikibudo.com\/index.php\/wp-json\/wp\/v2\/pages"}],"about":[{"href":"https:\/\/cera-aikibudo.com\/index.php\/wp-json\/wp\/v2\/types\/page"}],"author":[{"embeddable":true,"href":"https:\/\/cera-aikibudo.com\/index.php\/wp-json\/wp\/v2\/users\/5"}],"replies":[{"embeddable":true,"href":"https:\/\/cera-aikibudo.com\/index.php\/wp-json\/wp\/v2\/comments?post=182"}],"version-history":[{"count":25,"href":"https:\/\/cera-aikibudo.com\/index.php\/wp-json\/wp\/v2\/pages\/182\/revisions"}],"predecessor-version":[{"id":3187,"href":"https:\/\/cera-aikibudo.com\/index.php\/wp-json\/wp\/v2\/pages\/182\/revisions\/3187"}],"wp:attachment":[{"href":"https:\/\/cera-aikibudo.com\/index.php\/wp-json\/wp\/v2\/media?parent=182"}],"curies":[{"name":"wp","href":"https:\/\/api.w.org\/{rel}","templated":true}]}}