{"id":1842,"date":"2022-07-10T15:27:08","date_gmt":"2022-07-10T13:27:08","guid":{"rendered":"http:\/\/cera-aikibudo.com\/?page_id=1842"},"modified":"2022-11-20T13:51:13","modified_gmt":"2022-11-20T12:51:13","slug":"2e-dan-aikibudo","status":"publish","type":"page","link":"https:\/\/cera-aikibudo.com\/index.php\/programme-technique\/2e-dan-aikibudo\/","title":{"rendered":"2e DAN AIKIBUDO"},"content":{"rendered":"<h1>Programme du 2\u00e8me DAN AIKIBUDO<\/h1>\n<p>En pr\u00e9alable, les candidats \u00e0 l&rsquo;examen de deuxi\u00e8me Dan Pr\u00e9senteront le Kihon Nage Shodan et le Kihon Osae Waza Shodan.<\/p>\n<p>L&rsquo;attention est port\u00e9e sur la forme de corps, l&rsquo;attitude, la stabilit\u00e9, le zanshin, le kime et le shisei.<\/p>\n<h2>KIHON NAGE WAZA NIDAN<br \/>\n<em>techniques de projection du 2\u00e8me Dan sous forme d&rsquo;un kata<\/em><\/h2>\n<ul>\n<li>UDE GARAMI |\u00a0<em>Ura Yoko Men Uchi<\/em><\/li>\n<li>MAE HIKI OTOSHI |\u00a0<em>Shomen Men Uchi<\/em><\/li>\n<li>TE UCHI MATA GAESHI |\u00a0<em>Tsuki Jodan<\/em><\/li>\n<li>UDE KAKE MAE HIKI OTOSHI |\u00a0<em>Tsuki Chudan<\/em><\/li>\n<li>URA MUKAE DAOSHI | <em>Mae Geri<\/em><\/li>\n<li>GYAKU KOTE GAESHI | <em>Jyunte Dori + Tsuki Jodan<\/em><\/li>\n<li>ASHI TORI OSHI TAOSHI |\u00a0<em>Mae Eri<\/em><\/li>\n<\/ul>\n<h2>TECHNIQUES DE 2\u00e9 DAN<br \/>\n<em>en projection sur toutes formes d&rsquo;attaques et d&rsquo;entr\u00e9es et de distances compatibles<\/em><\/h2>\n<ul>\n<li>UDE GARAMI<\/li>\n<li>MAE HIKI OTOSHI<\/li>\n<li>USHIRO HIKI OTOSHI<\/li>\n<li>HIJI GAESHI<\/li>\n<li>UDE KAKE MAE HIKI OTOSHI<\/li>\n<li>KATAHA OTOSHI<\/li>\n<li>URA KATAHA<\/li>\n<li>TE UCHI MATA GAESHI<\/li>\n<li>GYAKU TE UCHI MATA GAESHI<\/li>\n<li>GYAKU KOTE GAESHI<\/li>\n<li>ASHI TORI OSHI TAOSHI<\/li>\n<li>MAE TOBU NAGE<\/li>\n<li>URA MAE TOBU NAGE<\/li>\n<li>DO GAESHI<\/li>\n<li>GYAKU DO GAESHI<\/li>\n<li>MAE HIJI KUDAKI<\/li>\n<\/ul>\n<h2>HAN SUTEMI (KIHON)<br \/>\n<em>en \u00e9tude, les techniques sont pratiqu\u00e9es sur l&rsquo;attaque Choku Tsuki<\/em><\/h2>\n<ul>\n<li>KUBI OTOSHI HAN SUTEMI<\/li>\n<li>HAZU OSHI HAN SUTEMI<\/li>\n<li>HARITE HAN SUTEMI<\/li>\n<\/ul>\n<h2>BUKI DORI &#8211; TANTO DORI<br \/>\n<em>techniques contre couteau<\/em><\/h2>\n<ul>\n<li>KOTE GAESHI |\u00a0<em>Tsuki Chudan (Nage et Osae)<\/em><\/li>\n<li>KATAHA OTOSHI |\u00a0<em>Tsuki Chudan (Nage et Osae)<\/em><\/li>\n<li>SHIHO NAGE |\u00a0<em>Omote Yoko Men (Nage et Osae)<\/em><\/li>\n<\/ul>\n<h2>BUKI DORI &#8211; HAMBO DORI<br \/>\n<em>techniques contre\u00a0<\/em><i>b\u00e2ton<\/i><\/h2>\n<ul>\n<li>KOTE GAESHI |\u00a0<em>Tsuki Chudan<\/em><\/li>\n<li>TENBIM NAGE |\u00a0<em>Tsuki Chudan<\/em><\/li>\n<li>SHIHO NAGE |\u00a0<em>Tsuki Chudan<\/em><\/li>\n<\/ul>\n<h2>URA NO KATA<br \/>\n<em>Kata des Kaeshi waza<\/em><\/h2>\n<p><a href=\"https:\/\/cera-aikibudo.com\/index.php\/1998\/06\/01\/ura-no-kata-une-histoire-de-renversement\/\">cliquez ici pour en savoir plus<\/a><\/p>\n<h2>IKKAJO &#8211; IDORI<br \/>\n<em>Kata de Daito Ryu Aiki-Jujutsu<\/em><\/h2>\n<ul>\n<li>IPPON DORI<\/li>\n<li>GYAKU UDE DORI<\/li>\n<li>HIJI GAESHI<\/li>\n<li>KURUMA DAOSHI<\/li>\n<li>SHIME GAESHI<\/li>\n<\/ul>\n<h2>TANTO NO KATA<br \/>\n<em>kata avec couteau<\/em><\/h2>\n<h2>ITSUTSU NO TACHI<br \/>\n<em>kata de Ken Jutsu (Katori Shinto Ryu)<\/em><\/h2>\n<h2>IAI GOSHI<br \/>\n<em>kata de Iai Jutsu (Katori Shinto Ryu)<\/em><\/h2>\n<ul>\n<li>KUSA NAGI NO KEN<\/li>\n<li>NUKI TSUKI NO KEN<\/li>\n<li>NUKI UCHI NO KEN<\/li>\n<li>UKEN<\/li>\n<li>SAKEN<\/li>\n<li>HAPPOKEN<\/li>\n<\/ul>\n<p>&nbsp;<\/p>\n<p>&nbsp;<\/p>\n","protected":false},"excerpt":{"rendered":"<p>Programme du 2\u00e8me DAN AIKIBUDO En pr\u00e9alable, les candidats \u00e0 l&rsquo;examen de deuxi\u00e8me Dan Pr\u00e9senteront le Kihon Nage Shodan et le Kihon Osae Waza Shodan. L&rsquo;attention est port\u00e9e sur la forme de corps, l&rsquo;attitude, la stabilit\u00e9, le zanshin, le kime et le shisei. KIHON NAGE WAZA NIDAN techniques de projection du 2\u00e8me Dan sous forme &hellip; <\/p>\n<p class=\"link-more\"><a href=\"https:\/\/cera-aikibudo.com\/index.php\/programme-technique\/2e-dan-aikibudo\/\" class=\"more-link\">Continuer la lecture<span class=\"screen-reader-text\"> de &laquo;&nbsp;2e DAN AIKIBUDO&nbsp;&raquo;<\/span><\/a><\/p>\n","protected":false},"author":104,"featured_media":0,"parent":854,"menu_order":2,"comment_status":"closed","ping_status":"closed","template":"","meta":{"_uag_custom_page_level_css":"","footnotes":""},"class_list":["post-1842","page","type-page","status-publish","hentry"],"uagb_featured_image_src":{"full":false,"thumbnail":false,"medium":false,"medium_large":false,"large":false,"1536x1536":false,"2048x2048":false,"twentyseventeen-featured-image":false,"twentyseventeen-thumbnail-avatar":false,"rpwe-thumbnail":false},"uagb_author_info":{"display_name":"thierel","author_link":"https:\/\/cera-aikibudo.com\/index.php\/author\/thierel\/"},"uagb_comment_info":0,"uagb_excerpt":"Programme du 2\u00e8me DAN AIKIBUDO En pr\u00e9alable, les candidats \u00e0 l&rsquo;examen de deuxi\u00e8me Dan Pr\u00e9senteront le Kihon Nage Shodan et le Kihon Osae Waza Shodan. L&rsquo;attention est port\u00e9e sur la forme de corps, l&rsquo;attitude, la stabilit\u00e9, le zanshin, le kime et le shisei. KIHON NAGE WAZA NIDAN techniques de projection du 2\u00e8me Dan sous forme\u2026","_links":{"self":[{"href":"https:\/\/cera-aikibudo.com\/index.php\/wp-json\/wp\/v2\/pages\/1842","targetHints":{"allow":["GET"]}}],"collection":[{"href":"https:\/\/cera-aikibudo.com\/index.php\/wp-json\/wp\/v2\/pages"}],"about":[{"href":"https:\/\/cera-aikibudo.com\/index.php\/wp-json\/wp\/v2\/types\/page"}],"author":[{"embeddable":true,"href":"https:\/\/cera-aikibudo.com\/index.php\/wp-json\/wp\/v2\/users\/104"}],"replies":[{"embeddable":true,"href":"https:\/\/cera-aikibudo.com\/index.php\/wp-json\/wp\/v2\/comments?post=1842"}],"version-history":[{"count":16,"href":"https:\/\/cera-aikibudo.com\/index.php\/wp-json\/wp\/v2\/pages\/1842\/revisions"}],"predecessor-version":[{"id":1944,"href":"https:\/\/cera-aikibudo.com\/index.php\/wp-json\/wp\/v2\/pages\/1842\/revisions\/1944"}],"up":[{"embeddable":true,"href":"https:\/\/cera-aikibudo.com\/index.php\/wp-json\/wp\/v2\/pages\/854"}],"wp:attachment":[{"href":"https:\/\/cera-aikibudo.com\/index.php\/wp-json\/wp\/v2\/media?parent=1842"}],"curies":[{"name":"wp","href":"https:\/\/api.w.org\/{rel}","templated":true}]}}