{"id":34,"date":"2020-12-21T22:02:30","date_gmt":"2020-12-21T21:02:30","guid":{"rendered":"http:\/\/cera-aikibudo.com\/?page_id=34"},"modified":"2021-01-16T21:54:02","modified_gmt":"2021-01-16T20:54:02","slug":"presentation","status":"publish","type":"page","link":"https:\/\/cera-aikibudo.com\/index.php\/presentation\/","title":{"rendered":"Pr\u00e9sentation"},"content":{"rendered":"\n<p>Le&nbsp;CERA&nbsp;<em>(Centre d&rsquo;Etude et de Recherche de l&rsquo;A\u00efkibudo, ou encore appel\u00e9 Centre International de l&rsquo;A\u00efkibudo) <\/em>est une association cr\u00e9\u00e9e en 1974 par Ma\u00eetre Floquet et quelques pionniers. A cette \u00e9poque les disciplines martiales japonaises se d\u00e9veloppaient en France, et toutes avaient besoin d&rsquo;affirmer leur singularit\u00e9 et leur diff\u00e9rence. Le CERA a alors jou\u00e9 le r\u00f4le de \u00ab\u00a0bouclier protecteur\u00a0\u00bb pour assurer l&rsquo;originalit\u00e9 de ce qui allait devenir l&rsquo;A\u00efkibudo. Aujourd&rsquo;hui, ces tensions se sont dissip\u00e9es et chacun a trouv\u00e9 sa place ; il n&rsquo;en demeure pas moins que le CERA reste l&rsquo;association qui prot\u00e8ge, promeut et d\u00e9veloppe l&rsquo;A\u00efkibudo. Son r\u00f4le consiste ainsi \u00e0 pr\u00e9server la p\u00e9rennit\u00e9 de notre Histoire et de notre technique. Nous en sommes les h\u00e9ritiers et les d\u00e9positaires. Aussi, rejoignez nous en adh\u00e9rant au CERA, car plus nombreux donc plus forts, nous serons en mesure de mieux prot\u00e9ger l&rsquo;A\u00efkibudo !<\/p>\n\n\n\n<figure class=\"wp-block-image size-full is-resized\"><img loading=\"lazy\" decoding=\"async\" src=\"http:\/\/cera-aikibudo.com\/wp-content\/uploads\/2020\/12\/Maitre_Floquet_et_ses_lves.jpg\" alt=\"\" class=\"wp-image-69\" width=\"900\" height=\"172\" srcset=\"https:\/\/cera-aikibudo.com\/wp-content\/uploads\/2020\/12\/Maitre_Floquet_et_ses_lves.jpg 900w, https:\/\/cera-aikibudo.com\/wp-content\/uploads\/2020\/12\/Maitre_Floquet_et_ses_lves-300x57.jpg 300w, https:\/\/cera-aikibudo.com\/wp-content\/uploads\/2020\/12\/Maitre_Floquet_et_ses_lves-768x147.jpg 768w\" sizes=\"auto, (max-width: 767px) 89vw, (max-width: 1000px) 54vw, (max-width: 1071px) 543px, 580px\" \/><\/figure>\n\n\n\n<p>Ma\u00eetre Floquet entour\u00e9 de ses \u00e9l\u00e8ves (novembre 2014)<\/p>\n\n\n\n<h2 class=\"wp-block-heading\">Qu&rsquo;est-ce que le&nbsp;CERA&nbsp;?<\/h2>\n\n\n\n<p>Il sert de r\u00e9f\u00e9rence technique, \u00e9thique et philosophique de notre art.<\/p>\n\n\n\n<p>Il r\u00e9unit, sous l\u2019impulsion de son fondateur, Ma\u00eetre Alain Floquet,&nbsp;l\u2019ensemble des hauts techniciens, les \u00a0\u00bb Kodansha \u00ab\u00a0, qui,&nbsp; dans leur r\u00e9gion et \u00e0 l&rsquo;\u00e9tranger, contribuent \u00e0 faire vivre l\u2019A\u00efkibudo.<\/p>\n\n\n\n<p>Le CERA est&nbsp; ouvert \u00e0 tous : aux Yudansha, aux pratiquants de grade Ky\u00fb ainsi qu\u2019aux personnalit\u00e9s trouvant de l\u2019int\u00e9r\u00eat dans son action.<\/p>\n\n\n\n<p>Ma\u00eetre FLOQUET y pr\u00e9serve des composantes historiques du Budo traditionnel ancien, des \u00e9coles \u00a0\u00bb originelles \u00a0\u00bb qu&rsquo;il consid\u00e8re comme des sources historiques de grande importance \u00e0 savoir:<\/p>\n\n\n\n<ul class=\"wp-block-list\"><li>le Yoseikan Shint\u00f4 Ry\u00fb de Ma\u00eetre Minoru MOCHIZUKI,<\/li><li>le Katori Shint\u00f4 Ry\u00fb de Ma\u00eetre Yoshio SUGINO<\/li><li>le Da\u00eeto Ry\u00fb de Ma\u00eetre Tokimune TAKEDA<\/li><\/ul>\n\n\n\n<p>Ainsi Ma\u00eetre Floquet conf\u00e8re \u00e0 son enseignement, \u00e0 ses \u00e9l\u00e8ves, et au CERA un label d\u2019authenticit\u00e9 et de cr\u00e9dibilit\u00e9.<\/p>\n\n\n\n<p>Le CERA&nbsp;est la source et la composante fondamentale du Comit\u00e9 F\u00e9d\u00e9ral A\u00efkibud\u00f4, de la FFAAA, de la FIAB, et de la FKSR.<\/p>\n\n\n\n<h2 class=\"wp-block-heading\">Votre adh\u00e9sion au CERA<\/h2>\n\n\n\n<p><strong>Les seules ressources du CERA sont les adh\u00e9sions des pratiquants A\u00efkibudo au CERA.<\/strong><\/p>\n\n\n\n<p>Le CERA, dont tous les membres sont b\u00e9n\u00e9voles :<\/p>\n\n\n\n<ul class=\"wp-block-list\"><li>organise stages et manifestations,<\/li><li>prend en charge les d\u00e9placements des Kodansha qui animent des stages en France et \u00e0 travers le monde,<\/li><li>est \u00e0 la disposition des pratiquants, des clubs, des pays&#8230; qui sollicitent son aide,<\/li><li>publie &nbsp;3 fois par an, la \u00a0\u00bb Lettre du CERA \u00ab\u00a0,1 fois par an, les \u00a0\u00bb Cahiers du CERA \u00ab\u00a0.<\/li><li>administre le site cera-aikibudo.com et cera-facebook<\/li><li>enfin, le d\u00e9positaire du patrimoine technique, historique et \u00e9thique de l&rsquo;A\u00efkiubudo.<\/li><\/ul>\n\n\n\n<figure class=\"wp-block-gallery columns-1 is-cropped wp-block-gallery-1 is-layout-flex wp-block-gallery-is-layout-flex\"><ul class=\"blocks-gallery-grid\"><li class=\"blocks-gallery-item\"><figure><img loading=\"lazy\" decoding=\"async\" width=\"708\" height=\"708\" src=\"http:\/\/cera-aikibudo.com\/wp-content\/uploads\/2021\/01\/tsuba_aikibudo_rouge.png\" alt=\"\" data-id=\"823\" data-full-url=\"http:\/\/cera-aikibudo.com\/wp-content\/uploads\/2021\/01\/tsuba_aikibudo_rouge.png\" data-link=\"http:\/\/cera-aikibudo.com\/tsuba_aikibudo_rouge\/\" class=\"wp-image-823\" srcset=\"https:\/\/cera-aikibudo.com\/wp-content\/uploads\/2021\/01\/tsuba_aikibudo_rouge.png 708w, https:\/\/cera-aikibudo.com\/wp-content\/uploads\/2021\/01\/tsuba_aikibudo_rouge-300x300.png 300w, https:\/\/cera-aikibudo.com\/wp-content\/uploads\/2021\/01\/tsuba_aikibudo_rouge-150x150.png 150w, https:\/\/cera-aikibudo.com\/wp-content\/uploads\/2021\/01\/tsuba_aikibudo_rouge-100x100.png 100w\" sizes=\"auto, (max-width: 708px) 100vw, 708px\" \/><\/figure><\/li><\/ul><\/figure>\n\n\n\n<p>Tsuba CERA<\/p>\n","protected":false},"excerpt":{"rendered":"<p>Le&nbsp;CERA&nbsp;(Centre d&rsquo;Etude et de Recherche de l&rsquo;A\u00efkibudo, ou encore appel\u00e9 Centre International de l&rsquo;A\u00efkibudo) est une association cr\u00e9\u00e9e en 1974 par Ma\u00eetre Floquet et quelques pionniers. A cette \u00e9poque les disciplines martiales japonaises se d\u00e9veloppaient en France, et toutes avaient besoin d&rsquo;affirmer leur singularit\u00e9 et leur diff\u00e9rence. Le CERA a alors jou\u00e9 le r\u00f4le de &hellip; <\/p>\n<p class=\"link-more\"><a href=\"https:\/\/cera-aikibudo.com\/index.php\/presentation\/\" class=\"more-link\">Continuer la lecture<span class=\"screen-reader-text\"> de &laquo;&nbsp;Pr\u00e9sentation&nbsp;&raquo;<\/span><\/a><\/p>\n","protected":false},"author":5,"featured_media":0,"parent":0,"menu_order":0,"comment_status":"closed","ping_status":"closed","template":"","meta":{"_uag_custom_page_level_css":"","footnotes":""},"class_list":["post-34","page","type-page","status-publish","hentry"],"uagb_featured_image_src":{"full":false,"thumbnail":false,"medium":false,"medium_large":false,"large":false,"1536x1536":false,"2048x2048":false,"twentyseventeen-featured-image":false,"twentyseventeen-thumbnail-avatar":false,"rpwe-thumbnail":false},"uagb_author_info":{"display_name":"Thierry POIREL","author_link":"https:\/\/cera-aikibudo.com\/index.php\/author\/administrateur\/"},"uagb_comment_info":0,"uagb_excerpt":"Le&nbsp;CERA&nbsp;(Centre d&rsquo;Etude et de Recherche de l&rsquo;A\u00efkibudo, ou encore appel\u00e9 Centre International de l&rsquo;A\u00efkibudo) est une association cr\u00e9\u00e9e en 1974 par Ma\u00eetre Floquet et quelques pionniers. A cette \u00e9poque les disciplines martiales japonaises se d\u00e9veloppaient en France, et toutes avaient besoin d&rsquo;affirmer leur singularit\u00e9 et leur diff\u00e9rence. Le CERA a alors jou\u00e9 le r\u00f4le de\u2026","_links":{"self":[{"href":"https:\/\/cera-aikibudo.com\/index.php\/wp-json\/wp\/v2\/pages\/34","targetHints":{"allow":["GET"]}}],"collection":[{"href":"https:\/\/cera-aikibudo.com\/index.php\/wp-json\/wp\/v2\/pages"}],"about":[{"href":"https:\/\/cera-aikibudo.com\/index.php\/wp-json\/wp\/v2\/types\/page"}],"author":[{"embeddable":true,"href":"https:\/\/cera-aikibudo.com\/index.php\/wp-json\/wp\/v2\/users\/5"}],"replies":[{"embeddable":true,"href":"https:\/\/cera-aikibudo.com\/index.php\/wp-json\/wp\/v2\/comments?post=34"}],"version-history":[{"count":21,"href":"https:\/\/cera-aikibudo.com\/index.php\/wp-json\/wp\/v2\/pages\/34\/revisions"}],"predecessor-version":[{"id":1345,"href":"https:\/\/cera-aikibudo.com\/index.php\/wp-json\/wp\/v2\/pages\/34\/revisions\/1345"}],"wp:attachment":[{"href":"https:\/\/cera-aikibudo.com\/index.php\/wp-json\/wp\/v2\/media?parent=34"}],"curies":[{"name":"wp","href":"https:\/\/api.w.org\/{rel}","templated":true}]}}