{"id":37,"date":"2020-12-22T10:20:39","date_gmt":"2020-12-22T09:20:39","guid":{"rendered":"http:\/\/cera-aikibudo.com\/?page_id=37"},"modified":"2021-01-16T21:09:42","modified_gmt":"2021-01-16T20:09:42","slug":"aikibudo","status":"publish","type":"page","link":"https:\/\/cera-aikibudo.com\/index.php\/aikibudo\/","title":{"rendered":"Aikibudo"},"content":{"rendered":"\n<h2 class=\"wp-block-heading\">G\u00e9n\u00e9alogie de l&rsquo;Aikibudo<\/h2>\n\n\n\n<div class=\"wp-block-image\"><figure class=\"aligncenter size-large is-resized\"><img decoding=\"async\" src=\"http:\/\/cera-aikibudo.com\/wp-content\/uploads\/2020\/12\/Genealogie-de-lAikibudo-1024x638.jpg\" alt=\"\" class=\"wp-image-188\" width=\"1010\" srcset=\"https:\/\/cera-aikibudo.com\/wp-content\/uploads\/2020\/12\/Genealogie-de-lAikibudo-1024x638.jpg 1024w, https:\/\/cera-aikibudo.com\/wp-content\/uploads\/2020\/12\/Genealogie-de-lAikibudo-300x187.jpg 300w, https:\/\/cera-aikibudo.com\/wp-content\/uploads\/2020\/12\/Genealogie-de-lAikibudo-768x478.jpg 768w, https:\/\/cera-aikibudo.com\/wp-content\/uploads\/2020\/12\/Genealogie-de-lAikibudo.jpg 1286w\" sizes=\"(max-width: 767px) 89vw, (max-width: 1000px) 54vw, (max-width: 1071px) 543px, 580px\" \/><\/figure><\/div>\n\n\n\n<h2 class=\"wp-block-heading\">La gen\u00e8se de l&rsquo;Aikibudo<\/h2>\n\n\n\n<div class=\"wp-block-pdf-viewer-block-standard\" style=\"text-align:center\"><div class=\"uploaded-pdf\"><a href=\"http:\/\/cera-aikibudo.com\/wp-content\/uploads\/2020\/12\/genese_aikibudo_310514.pdf\" data-width=\"\" data-height=\"\"><\/a><\/div><\/div>\n","protected":false},"excerpt":{"rendered":"<p>G\u00e9n\u00e9alogie de l&rsquo;Aikibudo La gen\u00e8se de l&rsquo;Aikibudo<\/p>\n","protected":false},"author":5,"featured_media":0,"parent":0,"menu_order":0,"comment_status":"closed","ping_status":"closed","template":"","meta":{"_uag_custom_page_level_css":"","footnotes":""},"class_list":["post-37","page","type-page","status-publish","hentry"],"uagb_featured_image_src":{"full":false,"thumbnail":false,"medium":false,"medium_large":false,"large":false,"1536x1536":false,"2048x2048":false,"twentyseventeen-featured-image":false,"twentyseventeen-thumbnail-avatar":false,"rpwe-thumbnail":false},"uagb_author_info":{"display_name":"Thierry POIREL","author_link":"https:\/\/cera-aikibudo.com\/index.php\/author\/administrateur\/"},"uagb_comment_info":0,"uagb_excerpt":"G\u00e9n\u00e9alogie de l&rsquo;Aikibudo La gen\u00e8se de l&rsquo;Aikibudo","_links":{"self":[{"href":"https:\/\/cera-aikibudo.com\/index.php\/wp-json\/wp\/v2\/pages\/37","targetHints":{"allow":["GET"]}}],"collection":[{"href":"https:\/\/cera-aikibudo.com\/index.php\/wp-json\/wp\/v2\/pages"}],"about":[{"href":"https:\/\/cera-aikibudo.com\/index.php\/wp-json\/wp\/v2\/types\/page"}],"author":[{"embeddable":true,"href":"https:\/\/cera-aikibudo.com\/index.php\/wp-json\/wp\/v2\/users\/5"}],"replies":[{"embeddable":true,"href":"https:\/\/cera-aikibudo.com\/index.php\/wp-json\/wp\/v2\/comments?post=37"}],"version-history":[{"count":16,"href":"https:\/\/cera-aikibudo.com\/index.php\/wp-json\/wp\/v2\/pages\/37\/revisions"}],"predecessor-version":[{"id":1326,"href":"https:\/\/cera-aikibudo.com\/index.php\/wp-json\/wp\/v2\/pages\/37\/revisions\/1326"}],"wp:attachment":[{"href":"https:\/\/cera-aikibudo.com\/index.php\/wp-json\/wp\/v2\/media?parent=37"}],"curies":[{"name":"wp","href":"https:\/\/api.w.org\/{rel}","templated":true}]}}