{"id":40,"date":"2020-12-22T10:23:31","date_gmt":"2020-12-22T09:23:31","guid":{"rendered":"http:\/\/cera-aikibudo.com\/?page_id=40"},"modified":"2020-12-31T10:00:17","modified_gmt":"2020-12-31T09:00:17","slug":"les-disciplines","status":"publish","type":"page","link":"https:\/\/cera-aikibudo.com\/index.php\/les-disciplines\/","title":{"rendered":"Les disciplines"},"content":{"rendered":"\n<p><strong>\u00ab\u00a0Le Da\u00eft\u00f4-ry\u00fb Aiki-Jujutsu et le Katori Shint\u00f4-ry\u00fb sont les deux berges d&rsquo;un fleuve dont le Y\u00f4seikan Shint\u00f4-ry\u00fb est le lit et dans lequel s&rsquo;\u00e9coule l&rsquo;a\u00efkibudo. Les berges de ce fleuve sont les rails de la tradition et l&rsquo;A\u00efkibud\u00f4, le flux de la modernit\u00e9.\u00a0\u00bb<\/strong><\/p>\n\n\n\n<p><em>Pens\u00e9es en mouvement<\/em>. A.Floquet. Budo ed. 2006<\/p>\n","protected":false},"excerpt":{"rendered":"<p>\u00ab\u00a0Le Da\u00eft\u00f4-ry\u00fb Aiki-Jujutsu et le Katori Shint\u00f4-ry\u00fb sont les deux berges d&rsquo;un fleuve dont le Y\u00f4seikan Shint\u00f4-ry\u00fb est le lit et dans lequel s&rsquo;\u00e9coule l&rsquo;a\u00efkibudo. Les berges de ce fleuve sont les rails de la tradition et l&rsquo;A\u00efkibud\u00f4, le flux de la modernit\u00e9.\u00a0\u00bb Pens\u00e9es en mouvement. A.Floquet. Budo ed. 2006<\/p>\n","protected":false},"author":5,"featured_media":0,"parent":0,"menu_order":0,"comment_status":"closed","ping_status":"closed","template":"","meta":{"_uag_custom_page_level_css":"","footnotes":""},"class_list":["post-40","page","type-page","status-publish","hentry"],"uagb_featured_image_src":{"full":false,"thumbnail":false,"medium":false,"medium_large":false,"large":false,"1536x1536":false,"2048x2048":false,"twentyseventeen-featured-image":false,"twentyseventeen-thumbnail-avatar":false,"rpwe-thumbnail":false},"uagb_author_info":{"display_name":"Thierry POIREL","author_link":"https:\/\/cera-aikibudo.com\/index.php\/author\/administrateur\/"},"uagb_comment_info":0,"uagb_excerpt":"\u00ab\u00a0Le Da\u00eft\u00f4-ry\u00fb Aiki-Jujutsu et le Katori Shint\u00f4-ry\u00fb sont les deux berges d&rsquo;un fleuve dont le Y\u00f4seikan Shint\u00f4-ry\u00fb est le lit et dans lequel s&rsquo;\u00e9coule l&rsquo;a\u00efkibudo. Les berges de ce fleuve sont les rails de la tradition et l&rsquo;A\u00efkibud\u00f4, le flux de la modernit\u00e9.\u00a0\u00bb Pens\u00e9es en mouvement. A.Floquet. Budo ed. 2006","_links":{"self":[{"href":"https:\/\/cera-aikibudo.com\/index.php\/wp-json\/wp\/v2\/pages\/40","targetHints":{"allow":["GET"]}}],"collection":[{"href":"https:\/\/cera-aikibudo.com\/index.php\/wp-json\/wp\/v2\/pages"}],"about":[{"href":"https:\/\/cera-aikibudo.com\/index.php\/wp-json\/wp\/v2\/types\/page"}],"author":[{"embeddable":true,"href":"https:\/\/cera-aikibudo.com\/index.php\/wp-json\/wp\/v2\/users\/5"}],"replies":[{"embeddable":true,"href":"https:\/\/cera-aikibudo.com\/index.php\/wp-json\/wp\/v2\/comments?post=40"}],"version-history":[{"count":2,"href":"https:\/\/cera-aikibudo.com\/index.php\/wp-json\/wp\/v2\/pages\/40\/revisions"}],"predecessor-version":[{"id":651,"href":"https:\/\/cera-aikibudo.com\/index.php\/wp-json\/wp\/v2\/pages\/40\/revisions\/651"}],"wp:attachment":[{"href":"https:\/\/cera-aikibudo.com\/index.php\/wp-json\/wp\/v2\/media?parent=40"}],"curies":[{"name":"wp","href":"https:\/\/api.w.org\/{rel}","templated":true}]}}