{"id":43,"date":"2020-12-22T10:24:13","date_gmt":"2020-12-22T09:24:13","guid":{"rendered":"http:\/\/cera-aikibudo.com\/?page_id=43"},"modified":"2021-01-16T21:25:40","modified_gmt":"2021-01-16T20:25:40","slug":"katori-shinto-ryu","status":"publish","type":"page","link":"https:\/\/cera-aikibudo.com\/index.php\/katori-shinto-ryu\/","title":{"rendered":"Katori Shinto Ryu"},"content":{"rendered":"\n<h2 class=\"wp-block-heading\">Tenshin Shoden Katori Shinto Ryu<\/h2>\n\n\n\n<p>Les techniques enseign\u00e9es sont celles issues d&rsquo;une \u00e9cole d&rsquo;armes tr\u00e8s ancienne : le Tenshin Shoden Katori Shinto Ryu (\u5929\u771f\u6b63\u4f1d\u9999\u53d6\u795e\u9053\u6d41)<\/p>\n\n\n\n<div class=\"wp-block-image\"><figure class=\"aligncenter size-large\"><img loading=\"lazy\" decoding=\"async\" width=\"136\" height=\"200\" src=\"http:\/\/cera-aikibudo.com\/wp-content\/uploads\/2020\/12\/Y_Sugino_1.jpg\" alt=\"\" class=\"wp-image-159\"\/><figcaption>Ma\u00eetre Sugino<\/figcaption><\/figure><\/div>\n\n\n\n<p>Les armes que nous apprenons \u00e0 utiliser sont les armes des guerriers japonais.<\/p>\n\n\n\n<p>Il s&rsquo;agit :<\/p>\n\n\n\n<ul class=\"wp-block-list\"><li>du sabre japonais : &nbsp;le Katana \u00e9tudi\u00e9 en Ken Jutsu et Iai Jutsu,<\/li><li>du baton : Bo Jutsu,<\/li><li>du naginata : Naginata Jutsu,<\/li><li>de lance : Yari Jutsu et de nombreuses autres armes.<\/li><\/ul>\n\n\n\n<div class=\"wp-block-image\"><figure class=\"aligncenter size-large\"><img loading=\"lazy\" decoding=\"async\" width=\"172\" height=\"248\" src=\"http:\/\/cera-aikibudo.com\/wp-content\/uploads\/2020\/12\/Y_Sugino_2.jpg\" alt=\"\" class=\"wp-image-161\"\/><\/figure><\/div>\n\n\n\n<p>Ma\u00eetre Sugino judoka et \u00e9l\u00e8ve de Jigoro Kano, fut conquis par l&rsquo;art du Katori Shinto Ryu et s&rsquo;y adonna compl\u00e8tement, au point d&rsquo;y ouvrir une \u00e9cole et de l&rsquo;enseigner. Il \u00e9crivit un ouvrage et diffusa le Katori \u00e0 l&rsquo;ext\u00e9rieur, (c&rsquo;est lui qui r\u00e9gla les combats du film Les sept samoura\u00efs d&rsquo;A. Kurozawa),<\/p>\n\n\n\n<p>C&rsquo;est en 1982 que la rencontre avec Ma\u00eetre Floquet eut lieu. Ce dernier eut la mission de d\u00e9velopper le Katori Shinto Ryu en France.<br>Partie int\u00e9grante de l&rsquo;A\u00efkibudo, le Katori constitue&nbsp; l&rsquo;une de ses composantes historiques.<br>L&rsquo;enseignement y est dispens\u00e9 sous forme de Katas.<\/p>\n\n\n\n<div class=\"wp-block-image\"><figure class=\"aligncenter size-large\"><img loading=\"lazy\" decoding=\"async\" width=\"215\" height=\"234\" src=\"http:\/\/cera-aikibudo.com\/wp-content\/uploads\/2020\/12\/A_Floquet_Y_Sugino.jpg\" alt=\"\" class=\"wp-image-162\"\/><figcaption>Ma\u00eetre Floquet et Ma\u00eetre Sugino<\/figcaption><\/figure><\/div>\n","protected":false},"excerpt":{"rendered":"<p>Tenshin Shoden Katori Shinto Ryu Les techniques enseign\u00e9es sont celles issues d&rsquo;une \u00e9cole d&rsquo;armes tr\u00e8s ancienne : le Tenshin Shoden Katori Shinto Ryu (\u5929\u771f\u6b63\u4f1d\u9999\u53d6\u795e\u9053\u6d41) Les armes que nous apprenons \u00e0 utiliser sont les armes des guerriers japonais. Il s&rsquo;agit : du sabre japonais : &nbsp;le Katana \u00e9tudi\u00e9 en Ken Jutsu et Iai Jutsu, du baton &hellip; <\/p>\n<p class=\"link-more\"><a href=\"https:\/\/cera-aikibudo.com\/index.php\/katori-shinto-ryu\/\" class=\"more-link\">Continuer la lecture<span class=\"screen-reader-text\"> de &laquo;&nbsp;Katori Shinto Ryu&nbsp;&raquo;<\/span><\/a><\/p>\n","protected":false},"author":5,"featured_media":0,"parent":0,"menu_order":0,"comment_status":"closed","ping_status":"closed","template":"","meta":{"_uag_custom_page_level_css":"","footnotes":""},"class_list":["post-43","page","type-page","status-publish","hentry"],"uagb_featured_image_src":{"full":false,"thumbnail":false,"medium":false,"medium_large":false,"large":false,"1536x1536":false,"2048x2048":false,"twentyseventeen-featured-image":false,"twentyseventeen-thumbnail-avatar":false,"rpwe-thumbnail":false},"uagb_author_info":{"display_name":"Thierry POIREL","author_link":"https:\/\/cera-aikibudo.com\/index.php\/author\/administrateur\/"},"uagb_comment_info":0,"uagb_excerpt":"Tenshin Shoden Katori Shinto Ryu Les techniques enseign\u00e9es sont celles issues d&rsquo;une \u00e9cole d&rsquo;armes tr\u00e8s ancienne : le Tenshin Shoden Katori Shinto Ryu (\u5929\u771f\u6b63\u4f1d\u9999\u53d6\u795e\u9053\u6d41) Les armes que nous apprenons \u00e0 utiliser sont les armes des guerriers japonais. Il s&rsquo;agit : du sabre japonais : &nbsp;le Katana \u00e9tudi\u00e9 en Ken Jutsu et Iai Jutsu, du baton\u2026","_links":{"self":[{"href":"https:\/\/cera-aikibudo.com\/index.php\/wp-json\/wp\/v2\/pages\/43","targetHints":{"allow":["GET"]}}],"collection":[{"href":"https:\/\/cera-aikibudo.com\/index.php\/wp-json\/wp\/v2\/pages"}],"about":[{"href":"https:\/\/cera-aikibudo.com\/index.php\/wp-json\/wp\/v2\/types\/page"}],"author":[{"embeddable":true,"href":"https:\/\/cera-aikibudo.com\/index.php\/wp-json\/wp\/v2\/users\/5"}],"replies":[{"embeddable":true,"href":"https:\/\/cera-aikibudo.com\/index.php\/wp-json\/wp\/v2\/comments?post=43"}],"version-history":[{"count":6,"href":"https:\/\/cera-aikibudo.com\/index.php\/wp-json\/wp\/v2\/pages\/43\/revisions"}],"predecessor-version":[{"id":1332,"href":"https:\/\/cera-aikibudo.com\/index.php\/wp-json\/wp\/v2\/pages\/43\/revisions\/1332"}],"wp:attachment":[{"href":"https:\/\/cera-aikibudo.com\/index.php\/wp-json\/wp\/v2\/media?parent=43"}],"curies":[{"name":"wp","href":"https:\/\/api.w.org\/{rel}","templated":true}]}}