{"id":57,"date":"2020-12-22T10:38:46","date_gmt":"2020-12-22T09:38:46","guid":{"rendered":"http:\/\/cera-aikibudo.com\/?page_id=57"},"modified":"2020-12-22T15:56:44","modified_gmt":"2020-12-22T14:56:44","slug":"aikido-yoseikan-en-france","status":"publish","type":"page","link":"https:\/\/cera-aikibudo.com\/index.php\/aikido-yoseikan-en-france\/","title":{"rendered":"Aikido Yoseikan en France"},"content":{"rendered":"\n<h2 class=\"wp-block-heading\">Quand le Bud\u00f4 japonais franchit les fronti\u00e8res<\/h2>\n\n\n\n<p>En 1951, Mochizuki Minoru partit pour l&rsquo;Europe dans le cadre d&rsquo;une mission culturelle officielle. La veille de son d\u00e9part, le Ma\u00eetre U\u00e9shiba lui dit : \u00a0\u00bb Cette nuit, j&rsquo;ai r\u00eav\u00e9 d&rsquo;un messager qui partait r\u00e9pandre mon Budo en Europe. Aujourd&rsquo;hui je sais que c&rsquo;est toi, je t&rsquo;attendais \u00ab\u00a0.<\/p>\n\n\n\n<p>Il en fut ainsi. En 1951, le Ma\u00eetre Mochizuki Minoru fit d\u00e9couvrir en Europe l&rsquo;art de son Ma\u00eetre sous le nom d&rsquo;A\u00efkido-jujutsu, ainsi que le Karat\u00e9 et l&rsquo;Art du sabre de l&rsquo;\u00e9cole Katori Shinto ryu. Il y demeura 3 ans.<\/p>\n\n\n\n<p>A la demande de Ma\u00eetre Mochizuki, U\u00e9shiba Morihei d\u00e9l\u00e9gua en France, pour y enseigner \u00e0 plein temps l&rsquo;A\u00efkido Moderne, un jeune professeur, Ab\u00e9 Tadashi, dont la pratique \u00e9tait encore tr\u00e8s proche du style ancien.<\/p>\n\n\n\n<p>A son retour au Japon, le ma\u00eetre Mochizuki re\u00e7ut au Yoseikan, pendant 3 ans, un jeune judoka fran\u00e7ais, Jim Alcheik, qu&rsquo;il forma notamment \u00e0 l&rsquo;A\u00efkido-jujutsu.<\/p>\n\n\n\n<p>En 1956, Ma\u00eetre Mochizuki publia, avec Jim Alcheik, un livre intitul\u00e9 Ma m\u00e9thode d&rsquo;A\u00efkido-JuJutsu, qu&rsquo;on appela quelques ann\u00e9es plus tard, en France, l&rsquo;A\u00efkido-Yoseikan. En fait, il s&rsquo;agissait toujours de l&rsquo;A\u00efkijujutsu des ann\u00e9es 1930 du Ma\u00eetre Ueshiba, que Mochizuki Minoru avait enrichi de la pratique du sabre de l&rsquo;\u00e9cole Katori Shinto ryu et de sa grande ma\u00eetrise du Judo (notamment l&rsquo;int\u00e9gration des sutemi de Mifun\u00e9 Kyuzo Sensei), tout cela avec le plein accord de Ma\u00eetre Ueshiba.<\/p>\n\n\n\n<h2 class=\"wp-block-heading\">Le d\u00e9veloppement de l&rsquo;A\u00efkido Yoseikan en France<\/h2>\n\n\n\n<p>D\u00e8s son retour du Japon, en 1957, Jim Alcheik fut charg\u00e9 de repr\u00e9senter en France et en Europe l&rsquo;Aikido-jujutsu du Yoseikan. De 1957 \u00e0 1958, il fut assist\u00e9 d&rsquo;une importante d\u00e9l\u00e9gation du Yoseikan compos\u00e9e des ma\u00eetres : Sugiyama S., Kondo M., Murakami T. et Mochizuki H. Il cr\u00e9a la F\u00e9d\u00e9ration Fran\u00e7aise d&rsquo;Aikido-Taijutsu (nom qu&rsquo;il trouva meilleur que Aikido-Jujutsu) et de Kendo (F.F.A.T.K.).<\/p>\n\n\n\n<p>Malheureusement pour le Budo europ\u00e9en, Jim Alcheik d\u00e9c\u00e9da en 1962, victime d&rsquo;un attentat li\u00e9 aux \u00e9v\u00e8nements d&rsquo;Alg\u00e9rie. Cette fin tragique devait \u00eatre la cons\u00e9quence d&rsquo;une scission \u00e0 l&rsquo;int\u00e9rieur de la f\u00e9d\u00e9ration et Alain Floquet, assistant de Jim Alcheik au dojo de l&rsquo;Avenue Parmentier, technicien f\u00e9d\u00e9ral, plus jeune 2e dan de France \u00e0 cette \u00e9poque et absent de France au moment de ces faits, informa le Ma\u00eetre Mochizuki des \u00e9v\u00e8nements et de ses craintes concernant l&rsquo;avenir de l&rsquo;Aikido-Jujutsu en France.<\/p>\n\n\n\n<p>R\u00e9pondant \u00e0 cette inqui\u00e9tude et soucieux d&rsquo;assurer la poursuite de l&rsquo;\u0153uvre commenc\u00e9e par Jim Alcheik, le Ma\u00eetre Mochizuki d\u00e9l\u00e9gua en France, en 1963, son fils Hiroo qui venait de terminer ses \u00e9tudes. Tout naturellement Alain Floquet lui c\u00e9da sa place de professeur du Club Parmentier et resta \u00e0 ses c\u00f4t\u00e9s comme professeur-assistant.<\/p>\n\n\n\n<p>En 1964, la F\u00e9d\u00e9ration Fran\u00e7aise d&rsquo;Aikido-Taijutsu (F.F.A.T.K.) et la F\u00e9d\u00e9ration Fran\u00e7aise d&rsquo;Aikido issue du Ma\u00eetre Abe (F.F.A.B.) se regroup\u00e8rent au sein de la F\u00e9d\u00e9ration Fran\u00e7aise de Judo (F.F.J.D.A.) pour y cr\u00e9er la section A\u00efkido, chacune des deux f\u00e9d\u00e9rations conservant son ind\u00e9pendance technique.<\/p>\n\n\n\n<p>En 1966, Alain Floquet fut nomm\u00e9, par le Ma\u00eetre Hiroo Mochizuki, Directeur Technique de l&rsquo;\u00c9cole A\u00efkido-Yoseikan pour la France.<\/p>\n","protected":false},"excerpt":{"rendered":"<p>Quand le Bud\u00f4 japonais franchit les fronti\u00e8res En 1951, Mochizuki Minoru partit pour l&rsquo;Europe dans le cadre d&rsquo;une mission culturelle officielle. La veille de son d\u00e9part, le Ma\u00eetre U\u00e9shiba lui dit : \u00a0\u00bb Cette nuit, j&rsquo;ai r\u00eav\u00e9 d&rsquo;un messager qui partait r\u00e9pandre mon Budo en Europe. Aujourd&rsquo;hui je sais que c&rsquo;est toi, je t&rsquo;attendais \u00ab\u00a0. &hellip; <\/p>\n<p class=\"link-more\"><a href=\"https:\/\/cera-aikibudo.com\/index.php\/aikido-yoseikan-en-france\/\" class=\"more-link\">Continuer la lecture<span class=\"screen-reader-text\"> de &laquo;&nbsp;Aikido Yoseikan en France&nbsp;&raquo;<\/span><\/a><\/p>\n","protected":false},"author":5,"featured_media":0,"parent":0,"menu_order":0,"comment_status":"closed","ping_status":"closed","template":"","meta":{"_uag_custom_page_level_css":"","footnotes":""},"class_list":["post-57","page","type-page","status-publish","hentry"],"uagb_featured_image_src":{"full":false,"thumbnail":false,"medium":false,"medium_large":false,"large":false,"1536x1536":false,"2048x2048":false,"twentyseventeen-featured-image":false,"twentyseventeen-thumbnail-avatar":false,"rpwe-thumbnail":false},"uagb_author_info":{"display_name":"Thierry POIREL","author_link":"https:\/\/cera-aikibudo.com\/index.php\/author\/administrateur\/"},"uagb_comment_info":0,"uagb_excerpt":"Quand le Bud\u00f4 japonais franchit les fronti\u00e8res En 1951, Mochizuki Minoru partit pour l&rsquo;Europe dans le cadre d&rsquo;une mission culturelle officielle. La veille de son d\u00e9part, le Ma\u00eetre U\u00e9shiba lui dit : \u00a0\u00bb Cette nuit, j&rsquo;ai r\u00eav\u00e9 d&rsquo;un messager qui partait r\u00e9pandre mon Budo en Europe. Aujourd&rsquo;hui je sais que c&rsquo;est toi, je t&rsquo;attendais \u00ab\u00a0.\u2026","_links":{"self":[{"href":"https:\/\/cera-aikibudo.com\/index.php\/wp-json\/wp\/v2\/pages\/57","targetHints":{"allow":["GET"]}}],"collection":[{"href":"https:\/\/cera-aikibudo.com\/index.php\/wp-json\/wp\/v2\/pages"}],"about":[{"href":"https:\/\/cera-aikibudo.com\/index.php\/wp-json\/wp\/v2\/types\/page"}],"author":[{"embeddable":true,"href":"https:\/\/cera-aikibudo.com\/index.php\/wp-json\/wp\/v2\/users\/5"}],"replies":[{"embeddable":true,"href":"https:\/\/cera-aikibudo.com\/index.php\/wp-json\/wp\/v2\/comments?post=57"}],"version-history":[{"count":2,"href":"https:\/\/cera-aikibudo.com\/index.php\/wp-json\/wp\/v2\/pages\/57\/revisions"}],"predecessor-version":[{"id":149,"href":"https:\/\/cera-aikibudo.com\/index.php\/wp-json\/wp\/v2\/pages\/57\/revisions\/149"}],"wp:attachment":[{"href":"https:\/\/cera-aikibudo.com\/index.php\/wp-json\/wp\/v2\/media?parent=57"}],"curies":[{"name":"wp","href":"https:\/\/api.w.org\/{rel}","templated":true}]}}