{"id":783,"date":"2021-01-02T15:32:51","date_gmt":"2021-01-02T14:32:51","guid":{"rendered":"http:\/\/cera-aikibudo.com\/?page_id=783"},"modified":"2021-01-16T21:07:29","modified_gmt":"2021-01-16T20:07:29","slug":"organisation-de-laikibudo","status":"publish","type":"page","link":"https:\/\/cera-aikibudo.com\/index.php\/organisation-de-laikibudo\/","title":{"rendered":"Organisation de l&rsquo;A\u00efkibudo"},"content":{"rendered":"\n<h2 class=\"wp-block-heading\">Composition du bureau de comit\u00e9 f\u00e9d\u00e9ral A\u00efkibudo<\/h2>\n\n\n\n<figure class=\"wp-block-image size-large is-resized\"><img loading=\"lazy\" decoding=\"async\" src=\"http:\/\/cera-aikibudo.com\/wp-content\/uploads\/2021\/01\/Capture-decran-2021-01-08-a-16.00.45.png\" alt=\"\" class=\"wp-image-1155\" width=\"278\" height=\"242\" srcset=\"https:\/\/cera-aikibudo.com\/wp-content\/uploads\/2021\/01\/Capture-decran-2021-01-08-a-16.00.45.png 556w, https:\/\/cera-aikibudo.com\/wp-content\/uploads\/2021\/01\/Capture-decran-2021-01-08-a-16.00.45-300x261.png 300w\" sizes=\"auto, (max-width: 278px) 100vw, 278px\" \/><\/figure>\n\n\n\n<h2 class=\"wp-block-heading\">Quelques liens utiles<\/h2>\n\n\n\n<p><a href=\"https:\/\/aikibudo.com\">A\u00efkibudo<\/a> (site officiel de l&rsquo;A\u00efkibudo)<\/p>\n\n\n\n<p><a href=\"http:\/\/www.fksr.fr\">FKSR<\/a> (F\u00e9d\u00e9ration de Katori Shinto ryu)<\/p>\n\n\n\n<p><a href=\"https:\/\/www.international-aikibudo.com\">FIAB<\/a> (F\u00e9d\u00e9ration Internationale de l&rsquo;A\u00efkibudo)<\/p>\n\n\n\n<p><a href=\"https:\/\/www.aikido.com.fr\">FFAAA<\/a> (F\u00e9d\u00e9ration Fran\u00e7aise d&rsquo;Aikido A\u00cfkibudo et Associ\u00e9es)<\/p>\n\n\n\n<p><a href=\"http:\/\/ctir-aikibudo.eklablog.com\">BLOG<\/a> (Andr\u00e9 Tellier)<\/p>\n","protected":false},"excerpt":{"rendered":"<p>Composition du bureau de comit\u00e9 f\u00e9d\u00e9ral A\u00efkibudo Quelques liens utiles A\u00efkibudo (site officiel de l&rsquo;A\u00efkibudo) FKSR (F\u00e9d\u00e9ration de Katori Shinto ryu) FIAB (F\u00e9d\u00e9ration Internationale de l&rsquo;A\u00efkibudo) FFAAA (F\u00e9d\u00e9ration Fran\u00e7aise d&rsquo;Aikido A\u00cfkibudo et Associ\u00e9es) BLOG (Andr\u00e9 Tellier)<\/p>\n","protected":false},"author":5,"featured_media":0,"parent":0,"menu_order":0,"comment_status":"closed","ping_status":"closed","template":"","meta":{"_uag_custom_page_level_css":"","footnotes":""},"class_list":["post-783","page","type-page","status-publish","hentry"],"uagb_featured_image_src":{"full":false,"thumbnail":false,"medium":false,"medium_large":false,"large":false,"1536x1536":false,"2048x2048":false,"twentyseventeen-featured-image":false,"twentyseventeen-thumbnail-avatar":false,"rpwe-thumbnail":false},"uagb_author_info":{"display_name":"Thierry POIREL","author_link":"https:\/\/cera-aikibudo.com\/index.php\/author\/administrateur\/"},"uagb_comment_info":0,"uagb_excerpt":"Composition du bureau de comit\u00e9 f\u00e9d\u00e9ral A\u00efkibudo Quelques liens utiles A\u00efkibudo (site officiel de l&rsquo;A\u00efkibudo) FKSR (F\u00e9d\u00e9ration de Katori Shinto ryu) FIAB (F\u00e9d\u00e9ration Internationale de l&rsquo;A\u00efkibudo) FFAAA (F\u00e9d\u00e9ration Fran\u00e7aise d&rsquo;Aikido A\u00cfkibudo et Associ\u00e9es) BLOG (Andr\u00e9 Tellier)","_links":{"self":[{"href":"https:\/\/cera-aikibudo.com\/index.php\/wp-json\/wp\/v2\/pages\/783","targetHints":{"allow":["GET"]}}],"collection":[{"href":"https:\/\/cera-aikibudo.com\/index.php\/wp-json\/wp\/v2\/pages"}],"about":[{"href":"https:\/\/cera-aikibudo.com\/index.php\/wp-json\/wp\/v2\/types\/page"}],"author":[{"embeddable":true,"href":"https:\/\/cera-aikibudo.com\/index.php\/wp-json\/wp\/v2\/users\/5"}],"replies":[{"embeddable":true,"href":"https:\/\/cera-aikibudo.com\/index.php\/wp-json\/wp\/v2\/comments?post=783"}],"version-history":[{"count":8,"href":"https:\/\/cera-aikibudo.com\/index.php\/wp-json\/wp\/v2\/pages\/783\/revisions"}],"predecessor-version":[{"id":1323,"href":"https:\/\/cera-aikibudo.com\/index.php\/wp-json\/wp\/v2\/pages\/783\/revisions\/1323"}],"wp:attachment":[{"href":"https:\/\/cera-aikibudo.com\/index.php\/wp-json\/wp\/v2\/media?parent=783"}],"curies":[{"name":"wp","href":"https:\/\/api.w.org\/{rel}","templated":true}]}}