{"id":92,"date":"2020-12-22T14:29:42","date_gmt":"2020-12-22T13:29:42","guid":{"rendered":"http:\/\/cera-aikibudo.com\/?page_id=92"},"modified":"2024-03-11T09:10:00","modified_gmt":"2024-03-11T08:10:00","slug":"le-comite-directeur-du-cera","status":"publish","type":"page","link":"https:\/\/cera-aikibudo.com\/index.php\/le-comite-directeur-du-cera\/","title":{"rendered":"Le comit\u00e9 directeur"},"content":{"rendered":"\r\n<h2 class=\"wp-block-heading\">Le fondateur du CERA<\/h2>\r\n\r\n\r\n\r\n<div class=\"wp-block-image\">\r\n<figure class=\"aligncenter size-large is-resized\"><img loading=\"lazy\" decoding=\"async\" class=\"wp-image-105\" src=\"http:\/\/cera-aikibudo.com\/wp-content\/uploads\/2020\/12\/Alain-Floquet.jpg\" alt=\"\" width=\"253\" height=\"164\" srcset=\"https:\/\/cera-aikibudo.com\/wp-content\/uploads\/2020\/12\/Alain-Floquet.jpg 1001w, https:\/\/cera-aikibudo.com\/wp-content\/uploads\/2020\/12\/Alain-Floquet-300x195.jpg 300w, https:\/\/cera-aikibudo.com\/wp-content\/uploads\/2020\/12\/Alain-Floquet-768x499.jpg 768w\" sizes=\"auto, (max-width: 253px) 100vw, 253px\" \/>\r\n<figcaption>Ma\u00eetre Alain Floquet &#8211; Fondateur<\/figcaption>\r\n<\/figure>\r\n<\/div>\r\n\r\n\r\n\r\n<h2 class=\"wp-block-heading\">Membres fondateurs :\u00a0<\/h2>\r\n<p>Jacqueline Floquet, Jean Bonnet, feu Bernard Ghesqui\u00e8re,<br \/>Guy Jama, Andr\u00e9 Tellier.<\/p>\r\n<h2>Bureau du CERA<\/h2>\r\n<div class=\"wp-block-image\" style=\"text-align: left;\">\r\n<figure class=\"aligncenter size-large is-resized\"><strong>Composition du bureau :<\/strong><\/figure>\r\n<\/div>\r\n\r\n\r\n\r\n<p>MELANIE IACAZIO : pr\u00e9sidente<br \/>ERIC CHEMLA : secr\u00e9taire g\u00e9n\u00e9ral<br \/>THIERRY CARALP : secr\u00e9taire Adjoint<br \/>EVELYNE FLOQUET : tr\u00e9sori\u00e8re<br \/>FREDERIC FLOQUET : vice-pr\u00e9sident en lien avec la FKSR<br \/>VALERIE TON THAT : vice-pr\u00e9sidente en lien avec la FFAAA<br \/>MICHEL SERAFIN : vice-pr\u00e9sident en lien avec la FIAB<br \/>GABRIELLE FLEURY : membre<br \/>GRATIANNE SERAFIN : membre<br \/>PAUL ROMBEAU : membre<br \/>ALAIN ROINEL : pr\u00e9sident du coll\u00e8ge des Kodansha<\/p>\r\n\r\n\r\n\r\n<h2 class=\"wp-block-heading\">Les publications du CERA<\/h2>\r\n\r\n\r\n\r\n<p><strong>Site internet CERA : <\/strong><\/p>\r\n\r\n\r\n\r\n<p>THIERRY POIREL : administrateur<br \/>PATRICK PONS : administrateur<\/p>\r\n\r\n\r\n\r\n<p><strong>La lettre du CERA et les Cahiers du CERA :<\/strong><\/p>\r\n\r\n\r\n\r\n<p>V. TON THAT, E. PAPADACCI, G. SERAFIN, M. IACAZIO : La Lettre du CERA<br \/>MJ. MALLET : Les Cahiers du CERA<\/p>\r\n\r\n\r\n\r\n<div class=\"wp-block-columns are-vertically-aligned-top is-layout-flex wp-container-core-columns-is-layout-9d6595d7 wp-block-columns-is-layout-flex\">\r\n<div class=\"wp-block-column is-layout-flow wp-block-column-is-layout-flow\">\r\n<p><strong>Comit\u00e9 \u00e9ditorial et administratif :<\/strong><\/p>\r\n\r\n\r\n\r\n<p>Monique CARBONNIER. Jacqueline FLOQUET. Marie-Jos\u00e9 MALLET. Andr\u00e9 TELLIER. M\u00e9lanie IACAZIO. Val\u00e9rie TON THAT. Gratianne SERAFIN. Emma PAPADACCI. Fr\u00e9d\u00e9ric FLOQUET. Ma\u00eetre Alain FLOQUET.<\/p>\r\n\r\n\r\n\r\n<h2 class=\"wp-block-heading\">Les pr\u00e9sidents du CERA<\/h2>\r\n<\/div>\r\n<\/div>\r\n\r\n\r\n\r\n<div class=\"wp-block-image\">\r\n<figure class=\"aligncenter size-large is-resized\"><img loading=\"lazy\" decoding=\"async\" class=\"wp-image-127\" src=\"http:\/\/cera-aikibudo.com\/wp-content\/uploads\/2020\/12\/PRESIDENTS_DU_CERA.png\" alt=\"\" width=\"293\" height=\"567\" srcset=\"https:\/\/cera-aikibudo.com\/wp-content\/uploads\/2020\/12\/PRESIDENTS_DU_CERA.png 293w, https:\/\/cera-aikibudo.com\/wp-content\/uploads\/2020\/12\/PRESIDENTS_DU_CERA-155x300.png 155w\" sizes=\"auto, (max-width: 293px) 100vw, 293px\" \/><\/figure>\r\n<p>Jean Marc PAPADACCI &#8211; 2011-2023<\/p>\r\n<p><img loading=\"lazy\" decoding=\"async\" class=\"wp-image-93\" src=\"http:\/\/cera-aikibudo.com\/wp-content\/uploads\/2020\/12\/Jean-Marc-Papadacci.jpg\" alt=\"\" width=\"256\" height=\"176\" srcset=\"https:\/\/cera-aikibudo.com\/wp-content\/uploads\/2020\/12\/Jean-Marc-Papadacci.jpg 901w, https:\/\/cera-aikibudo.com\/wp-content\/uploads\/2020\/12\/Jean-Marc-Papadacci-300x207.jpg 300w, https:\/\/cera-aikibudo.com\/wp-content\/uploads\/2020\/12\/Jean-Marc-Papadacci-768x529.jpg 768w\" sizes=\"auto, (max-width: 256px) 100vw, 256px\" \/><\/p>\r\n<\/div>\r\n","protected":false},"excerpt":{"rendered":"<p>Le fondateur du CERA Membres fondateurs :\u00a0 Jacqueline Floquet, Jean Bonnet, feu Bernard Ghesqui\u00e8re,Guy Jama, Andr\u00e9 Tellier. Bureau du CERA Composition du bureau : MELANIE IACAZIO : pr\u00e9sidenteERIC CHEMLA : secr\u00e9taire g\u00e9n\u00e9ralTHIERRY CARALP : secr\u00e9taire AdjointEVELYNE FLOQUET : tr\u00e9sori\u00e8reFREDERIC FLOQUET : vice-pr\u00e9sident en lien avec la FKSRVALERIE TON THAT : vice-pr\u00e9sidente en lien avec la &hellip; <\/p>\n<p class=\"link-more\"><a href=\"https:\/\/cera-aikibudo.com\/index.php\/le-comite-directeur-du-cera\/\" class=\"more-link\">Continuer la lecture<span class=\"screen-reader-text\"> de &laquo;&nbsp;Le comit\u00e9 directeur&nbsp;&raquo;<\/span><\/a><\/p>\n","protected":false},"author":5,"featured_media":0,"parent":0,"menu_order":0,"comment_status":"closed","ping_status":"closed","template":"","meta":{"_uag_custom_page_level_css":"","footnotes":""},"class_list":["post-92","page","type-page","status-publish","hentry"],"uagb_featured_image_src":{"full":false,"thumbnail":false,"medium":false,"medium_large":false,"large":false,"1536x1536":false,"2048x2048":false,"twentyseventeen-featured-image":false,"twentyseventeen-thumbnail-avatar":false,"rpwe-thumbnail":false},"uagb_author_info":{"display_name":"Thierry POIREL","author_link":"https:\/\/cera-aikibudo.com\/index.php\/author\/administrateur\/"},"uagb_comment_info":0,"uagb_excerpt":"Le fondateur du CERA Membres fondateurs :\u00a0 Jacqueline Floquet, Jean Bonnet, feu Bernard Ghesqui\u00e8re,Guy Jama, Andr\u00e9 Tellier. Bureau du CERA Composition du bureau : MELANIE IACAZIO : pr\u00e9sidenteERIC CHEMLA : secr\u00e9taire g\u00e9n\u00e9ralTHIERRY CARALP : secr\u00e9taire AdjointEVELYNE FLOQUET : tr\u00e9sori\u00e8reFREDERIC FLOQUET : vice-pr\u00e9sident en lien avec la FKSRVALERIE TON THAT : vice-pr\u00e9sidente en lien avec la\u2026","_links":{"self":[{"href":"https:\/\/cera-aikibudo.com\/index.php\/wp-json\/wp\/v2\/pages\/92","targetHints":{"allow":["GET"]}}],"collection":[{"href":"https:\/\/cera-aikibudo.com\/index.php\/wp-json\/wp\/v2\/pages"}],"about":[{"href":"https:\/\/cera-aikibudo.com\/index.php\/wp-json\/wp\/v2\/types\/page"}],"author":[{"embeddable":true,"href":"https:\/\/cera-aikibudo.com\/index.php\/wp-json\/wp\/v2\/users\/5"}],"replies":[{"embeddable":true,"href":"https:\/\/cera-aikibudo.com\/index.php\/wp-json\/wp\/v2\/comments?post=92"}],"version-history":[{"count":51,"href":"https:\/\/cera-aikibudo.com\/index.php\/wp-json\/wp\/v2\/pages\/92\/revisions"}],"predecessor-version":[{"id":2378,"href":"https:\/\/cera-aikibudo.com\/index.php\/wp-json\/wp\/v2\/pages\/92\/revisions\/2378"}],"wp:attachment":[{"href":"https:\/\/cera-aikibudo.com\/index.php\/wp-json\/wp\/v2\/media?parent=92"}],"curies":[{"name":"wp","href":"https:\/\/api.w.org\/{rel}","templated":true}]}}